{"id":50158,"date":"2026-02-14T10:36:15","date_gmt":"2026-02-14T17:36:15","guid":{"rendered":"https:\/\/phnompenhairport.com\/?page_id=50158"},"modified":"2026-03-04T20:05:42","modified_gmt":"2026-03-05T03:05:42","slug":"fluggesellschaften","status":"publish","type":"page","link":"https:\/\/themykonosairport.com\/de\/airlines\/","title":{"rendered":"Fluggesellschaften"},"content":{"rendered":"<div class=\"gb-element-f7c19d7c\">\n<img loading=\"lazy\" decoding=\"async\" width=\"1920\" height=\"1280\" class=\"gb-media-ffdd930e\" alt=\"Fluggesellschaften, die den Flughafen Mykonos anfliegen\" src=\"https:\/\/themykonosairport.com\/wp-content\/uploads\/2025\/10\/Airlines-HERO.jpg\" title=\"Fluggesellschaften, die den Flughafen Mykonos anfliegen\" srcset=\"https:\/\/themykonosairport.com\/wp-content\/uploads\/2025\/10\/Airlines-HERO.jpg 1920w, https:\/\/themykonosairport.com\/wp-content\/uploads\/2025\/10\/Airlines-HERO-300x200.jpg 300w, https:\/\/themykonosairport.com\/wp-content\/uploads\/2025\/10\/Airlines-HERO-1024x683.jpg 1024w, https:\/\/themykonosairport.com\/wp-content\/uploads\/2025\/10\/Airlines-HERO-768x512.jpg 768w, https:\/\/themykonosairport.com\/wp-content\/uploads\/2025\/10\/Airlines-HERO-1536x1024.jpg 1536w\" sizes=\"auto, (max-width: 1920px) 100vw, 1920px\" \/>\n\n\n\n<div class=\"gb-element-a6e04bbc\"><\/div>\n\n\n\n<div class=\"gbp-section gb-element-6d63ba78\">\n<div class=\"gbp-section__inner gb-element-5e09b6a6\">\n<div class=\"gb-element-162bd0fb\">\n<h1 class=\"gb-text gb-text-66a4b68f\">INFORMATIONEN F\u00dcR FLUGGESELLSCHAFTEN<\/h1>\n\n\n\n<h2 class=\"gb-text gb-text-8811464f\">Mykonos Internationaler Flughafenf\u00fchrer (JMK)<\/h2>\n\n\n\n<div class=\"gb-element-1d06a4a2\">\n<p class=\"gb-text gb-text-b4b0d4ea\">Sehen Sie sich alle Fluggesellschaften an, die den internationalen Flughafen Mykonos anfliegen. Erfahren Sie mehr \u00fcber jede einzelne Fluggesellschaft und die Fl\u00fcge, die sie vom und zum JMK Flughafen anbieten.<\/p>\n<\/div>\n<\/div>\n<\/div>\n<\/div>\n<\/div>\n\n\n\n<section class=\"gbp-section gb-element-9b13401c\">\n<div class=\"gbp-section__inner gb-element-eb8752bf\">\n<div class=\"gb-element-f6478001\">\n<div class=\"gb-element-5a450862\">\n<div class=\"gb-element-450ce1d9\">\n<h2 class=\"gb-text gb-text-dac2183f\">Verzeichnis der Routen<\/h2>\n\n\n\n<div>\n<div class=\"gb-element-e2eb0964\">\n<a class=\"gb-text-8af09b9a\" href=\"#europe\"><span class=\"gb-text\">Fl\u00fcge nach Europa<\/span><span class=\"gb-shape\"><svg viewbox=\"0 0 256 256\" height=\"32\" width=\"32\" xmlns=\"http:\/\/www.w3.org\/2000\/svg\"><path d=\"M224.49,136.49l-72,72a12,12,0,0,1-17-17L187,140H40a12,12,0,0,1,0-24H187L135.51,64.48a12,12,0,0,1,17-17l72,72A12,12,0,0,1,224.49,136.49Z\"><\/path><\/svg><\/span><\/a>\n\n\n\n<a class=\"gb-text-9d15b96d\" href=\"#middle-east\"><span class=\"gb-text\">Fl\u00fcge in den Nahen Osten<\/span><span class=\"gb-shape\"><svg viewbox=\"0 0 256 256\" height=\"32\" width=\"32\" xmlns=\"http:\/\/www.w3.org\/2000\/svg\"><path d=\"M224.49,136.49l-72,72a12,12,0,0,1-17-17L187,140H40a12,12,0,0,1,0-24H187L135.51,64.48a12,12,0,0,1,17-17l72,72A12,12,0,0,1,224.49,136.49Z\"><\/path><\/svg><\/span><\/a>\n\n\n\n<a class=\"gb-text-277bdbd1\" href=\"#domestic-flights\"><span class=\"gb-text\">Inlandsfl\u00fcge<\/span><span class=\"gb-shape\"><svg viewbox=\"0 0 256 256\" height=\"32\" width=\"32\" xmlns=\"http:\/\/www.w3.org\/2000\/svg\"><path d=\"M224.49,136.49l-72,72a12,12,0,0,1-17-17L187,140H40a12,12,0,0,1,0-24H187L135.51,64.48a12,12,0,0,1,17-17l72,72A12,12,0,0,1,224.49,136.49Z\"><\/path><\/svg><\/span><\/a>\n\n\n\n<a class=\"gb-text-4cb06081\" href=\"#connecting-airports\"><span class=\"gb-text\">Anschlie\u00dfende Flugh\u00e4fen<\/span><span class=\"gb-shape\"><svg viewbox=\"0 0 256 256\" height=\"32\" width=\"32\" xmlns=\"http:\/\/www.w3.org\/2000\/svg\"><path d=\"M224.49,136.49l-72,72a12,12,0,0,1-17-17L187,140H40a12,12,0,0,1,0-24H187L135.51,64.48a12,12,0,0,1,17-17l72,72A12,12,0,0,1,224.49,136.49Z\"><\/path><\/svg><\/span><\/a>\n\n\n\n<a class=\"gb-text-3fe1e134\" href=\"#search-flights\"><span class=\"gb-text\">Fl\u00fcge suchen<\/span><span class=\"gb-shape\"><svg viewbox=\"0 0 256 256\" height=\"32\" width=\"32\" xmlns=\"http:\/\/www.w3.org\/2000\/svg\"><path d=\"M224.49,136.49l-72,72a12,12,0,0,1-17-17L187,140H40a12,12,0,0,1,0-24H187L135.51,64.48a12,12,0,0,1,17-17l72,72A12,12,0,0,1,224.49,136.49Z\"><\/path><\/svg><\/span><\/a>\n<\/div>\n<\/div>\n<\/div>\n<\/div>\n<\/div>\n\n\n\n<div class=\"gb-element-bee2059a\"><div class=\"gb-container gb-container-37e31c47\" id=\"list-of-airlines\"><div class=\"gb-inside-container\">\n\n<p class=\"gb-text gbp-section__tagline gb-text-2f462fa9\">LISTE DER FLUGGESELLSCHAFTEN<\/p>\n\n\n\n<h2 class=\"gb-text gb-text-a4313699\">Fliegen nach Mykonos Flughafen<\/h2>\n\n\n\n<p class=\"gb-headline gb-headline-2c6d3976 gb-headline-text\">Es gibt 30 Fluggesellschaften, die Direktfl\u00fcge zum und vom Flughafen Mykonos anbieten. easyJet Airlines bedient 6 Ziele, w\u00e4hrend Neos und Ryanair jeweils 5 Flugh\u00e4fen anfliegen.<br><gwmw style=\"display: none; background-color: transparent;\"><\/gwmw><\/p>\n\n\n\n<figure class=\"wp-block-table\"><table class=\"has-base-2-background-color has-background has-fixed-layout\"><thead><tr><th class=\"has-text-align-left\" data-align=\"left\"><strong><strong>\ud83d\udee9 Fluggesellschaft:<\/strong><\/strong><\/th><th class=\"has-text-align-left\" data-align=\"left\"><strong>IATA-Code<\/strong>:<\/th><th class=\"has-text-align-left\" data-align=\"left\"><strong>ICAO-Code<\/strong>:<\/th><\/tr><\/thead><tbody><tr><td class=\"has-text-align-left\" data-align=\"left\">\u00c4g\u00e4is<\/td><td class=\"has-text-align-left\" data-align=\"left\">A3<\/td><td class=\"has-text-align-left\" data-align=\"left\">AEE<\/td><\/tr><tr><td class=\"has-text-align-left\" data-align=\"left\">Fluggesellschaften entdecken<\/td><td class=\"has-text-align-left\" data-align=\"left\">4Y<\/td><td class=\"has-text-align-left\" data-align=\"left\">OCN<\/td><\/tr><tr><td class=\"has-text-align-left\" data-align=\"left\">easyJet<\/td><td class=\"has-text-align-left\" data-align=\"left\">U2<\/td><td class=\"has-text-align-left\" data-align=\"left\">EZY<\/td><\/tr><tr><td class=\"has-text-align-left\" data-align=\"left\">Etihad Airways<\/td><td class=\"has-text-align-left\" data-align=\"left\">EY<\/td><td class=\"has-text-align-left\" data-align=\"left\">ETD<\/td><\/tr><tr><td class=\"has-text-align-left\" data-align=\"left\">Eurowings<\/td><td class=\"has-text-align-left\" data-align=\"left\">EW<\/td><td class=\"has-text-align-left\" data-align=\"left\">EWG<\/td><\/tr><tr><td class=\"has-text-align-left\" data-align=\"left\">Flydubai<\/td><td class=\"has-text-align-left\" data-align=\"left\">FZ<\/td><td class=\"has-text-align-left\" data-align=\"left\">FDB<\/td><\/tr><tr><td class=\"has-text-align-left\" data-align=\"left\">Neos<\/td><td class=\"has-text-align-left\" data-align=\"left\">NO<\/td><td class=\"has-text-align-left\" data-align=\"left\">NOS<\/td><\/tr><tr><td class=\"has-text-align-left\" data-align=\"left\">Ryanair<\/td><td class=\"has-text-align-left\" data-align=\"left\">FR<\/td><td class=\"has-text-align-left\" data-align=\"left\">RYR<\/td><\/tr><tr><td class=\"has-text-align-left\" data-align=\"left\">Himmels-Express<\/td><td class=\"has-text-align-left\" data-align=\"left\">GQ<\/td><td class=\"has-text-align-left\" data-align=\"left\">SEH<\/td><\/tr><tr><td class=\"has-text-align-left\" data-align=\"left\">TUI Fliege<\/td><td class=\"has-text-align-left\" data-align=\"left\">TB<\/td><td class=\"has-text-align-left\" data-align=\"left\">JAF<\/td><\/tr><tr><td class=\"has-text-align-left\" data-align=\"left\">Volotea<\/td><td class=\"has-text-align-left\" data-align=\"left\">V7<\/td><td class=\"has-text-align-left\" data-align=\"left\">VOE<\/td><\/tr><tr><td class=\"has-text-align-left\" data-align=\"left\">Wizz Air Malta<\/td><td class=\"has-text-align-left\" data-align=\"left\">W4<\/td><td class=\"has-text-align-left\" data-align=\"left\">WMT<\/td><\/tr><\/tbody><\/table><\/figure>\n\n<\/div><\/div>\n\n<div class=\"gb-container gb-container-3b5fc408\">\n\n<p class=\"gb-text gbp-section__tagline gb-text-21b8c323\">Mykonos FLUGHAFEN<\/p>\n\n\n\n<h2 class=\"gb-text gb-text-ad82ddf1\">Informationen \u00fcber Ank\u00fcnfte und Abfl\u00fcge<\/h2>\n\n\n<div class=\"gb-grid-wrapper gb-grid-wrapper-8444471a\">\n<div class=\"gb-grid-column gb-grid-column-be6bafda\"><div class=\"gb-container gb-container-be6bafda\">\n<div class=\"gb-container gb-container-ecadf3bb box-shadow\">\n\n<div class=\"gb-headline gb-headline-f2e2d0b4\"><span class=\"gb-icon\"><svg viewbox=\"0 0 256 256\" height=\"32\" width=\"32\" xmlns=\"http:\/\/www.w3.org\/2000\/svg\"><path d=\"M256 216a8 8 0 0 1-8 8H104a8 8 0 0 1 0-16h144a8 8 0 0 1 8 8m-26.16-24.3L53.21 142.24A40.12 40.12 0 0 1 24 103.72V48a16 16 0 0 1 21.06-15.18l5.47 1.82a8 8 0 0 1 5 4.87l10.6 29.37L96 77.39V48a16 16 0 0 1 21.06-15.18l5.47 1.82a8 8 0 0 1 4.85 4.5l22.5 53.63l60.84 17A40.13 40.13 0 0 1 240 148.32V184a8 8 0 0 1-10.16 7.7M224 148.32a24.09 24.09 0 0 0-17.58-23.13l-64.57-18a8 8 0 0 1-5.23-4.61L114 48.67l-2-.67v40a8 8 0 0 1-10.19 7.7l-44-12.54a8 8 0 0 1-5.33-5L41.79 48.59L40 48v55.72a24.09 24.09 0 0 0 17.53 23.12L224 173.45Z\" fill=\"currentColor\"><\/path><\/svg><\/span><\/div>\n\n\n<div class=\"gb-container gb-container-d816362e\">\n\n<p class=\"gb-text gb-text-3df50246\"><a href=\"https:\/\/themykonosairport.com\/de\/ankunfte\/\" data-type=\"page\" data-id=\"49827\"><span style=\"text-decoration: underline;\">Ank\u00fcnfte<\/span><\/a><\/p>\n\n\n\n<p class=\"gb-headline gb-headline-ba1f43c5 gb-headline-text\">Aktuelle Informationen \u00fcber die Ank\u00fcnfte auf dem internationalen Flughafen Mykonos<\/p>\n\n<\/div>\n<\/div>\n<\/div><\/div>\n\n<div class=\"gb-grid-column gb-grid-column-96cd3424\"><div class=\"gb-container gb-container-96cd3424\">\n<div class=\"gb-container gb-container-f2d3ca52 box-shadow\">\n\n<div class=\"gb-headline gb-headline-e7b998ce\"><span class=\"gb-icon\"><svg viewbox=\"0 0 256 256\" height=\"32\" width=\"32\" xmlns=\"http:\/\/www.w3.org\/2000\/svg\"><path d=\"M176 216a8 8 0 0 1-8 8H24a8 8 0 0 1 0-16h144a8 8 0 0 1 8 8m71.86-122.85a8 8 0 0 1-3.76 5.39l-147.41 88a40.18 40.18 0 0 1-20.26 5.52a39.78 39.78 0 0 1-27.28-10.87l-.12-.12L13 145.8a16 16 0 0 1 4.49-26.21l3-1.47a8 8 0 0 1 6.08-.4l28.26 9.54L75 115.06L53.17 93.87A16 16 0 0 1 57.7 67.4l.32-.13l7.15-2.71a8 8 0 0 1 5.59 0l53.94 19.82l51.57-30.78a39.82 39.82 0 0 1 51.28 9.12l.12.15l18.64 23.89a8 8 0 0 1 1.55 6.39m-19.74-3.7l-13-16.67a23.88 23.88 0 0 0-30.68-5.42l-54.8 32.72a8.06 8.06 0 0 1-6.87.64L68 80.58l-4 1.53l.21.2l29.36 28.49a8 8 0 0 1-1.43 12.58l-32.21 19.49a8 8 0 0 1-6.7.73l-28.67-9.67l-.19.1l-.37.17a.71.71 0 0 1 .13.12l36 35.26a23.85 23.85 0 0 0 28.42 3.18Z\" fill=\"currentColor\"><\/path><\/svg><\/span><\/div>\n\n\n<div class=\"gb-container gb-container-bf93dac2\">\n\n<p class=\"gb-text gb-text-1d3538e5\"><a href=\"https:\/\/themykonosairport.com\/de\/abfluge\/\" data-type=\"page\" data-id=\"49864\"><span style=\"text-decoration: underline;\">Abfahrten<\/span><\/a><\/p>\n\n\n\n<p class=\"gb-headline gb-headline-775eab92 gb-headline-text\">Aktuelle Informationen zu den Abfl\u00fcgen am internationalen Flughafen Mykonos<\/p>\n\n<\/div>\n<\/div>\n<\/div><\/div>\n<\/div>\n<\/div>\n\n<div class=\"gb-container gb-container-b23ba0ef\">\n\n<h2 class=\"gb-headline gb-headline-d4cd6a7d gb-headline-text\" id=\"flights-to-chetumal\">Direktfl\u00fcge nach Mykonos&nbsp;<\/h2>\n\n\n\n<p class=\"gb-headline gb-headline-98faf622 gb-headline-text\">Die h\u00e4ufigsten Direktfl\u00fcge zum Flughafen Mykonos gehen von Athen (ATH) und Abu Dhabi (AUH) aus.<\/p>\n\n\n<div class=\"gb-container gb-container-787b625a\">\n<div class=\"gb-container gb-container-4e346b22 gb-accordion\" data-accordion-multiple-open>\n<div class=\"gb-container gb-container-229da295 gb-accordion__item\" id=\"europe\" data-transition=\"slide\">\n\n<button class=\"gb-button gb-button-ee775e5f gb-accordion__toggle\" id=\"gb-accordion-toggle-ee775e5f\"><span class=\"gb-button-text\">Direktfl\u00fcge von Mykonos nach Europa<\/span><span class=\"gb-icon\"><svg xmlns=\"http:\/\/www.w3.org\/2000\/svg\" viewbox=\"0 0 448 512\" width=\"1em\" height=\"1em\" role=\"img\" class=\"gb-accordion__icon\"><path d=\"M207.029 381.476L12.686 187.132c-9.373-9.373-9.373-24.569 0-33.941l22.667-22.667c9.357-9.357 24.522-9.375 33.901-.04L224 284.505l154.745-154.021c9.379-9.335 24.544-9.317 33.901.04l22.667 22.667c9.373 9.373 9.373 24.569 0 33.941L240.971 381.476c-9.373 9.372-24.569 9.372-33.942 0z\" fill=\"currentColor\"><\/path><\/svg><svg xmlns=\"http:\/\/www.w3.org\/2000\/svg\" viewbox=\"0 0 448 512\" width=\"1em\" height=\"1em\" role=\"img\" class=\"gb-accordion__icon-open\"><path d=\"M240.971 130.524l194.343 194.343c9.373 9.373 9.373 24.569 0 33.941l-22.667 22.667c-9.357 9.357-24.522 9.375-33.901.04L224 227.495 69.255 381.516c-9.379 9.335-24.544 9.317-33.901-.04l-22.667-22.667c-9.373-9.373-9.373-24.569 0-33.941L207.03 130.525c9.372-9.373 24.568-9.373 33.941-.001z\" fill=\"currentColor\"><\/path><\/svg><\/span><\/button>\n\n\n<div id=\"gb-accordion-content-17f4b204\" class=\"gb-accordion__content\"><div class=\"gb-container gb-container-17f4b204\">\n\n<figure class=\"wp-block-table\"><table><thead><tr><th><strong>Fluggesellschaft<\/strong>:<\/th><th><strong>Abreise Stadt<\/strong>:<\/th><th><strong>Saisonal \/ J\u00e4hrlich<\/strong>:<\/th><\/tr><\/thead><tbody><tr><td>Air France<\/td><td>Paris (CDG)<\/td><td>Saisonale<\/td><\/tr><tr><td>Air Serbia<\/td><td>Belgrad (BEG)<\/td><td>Saisonale<\/td><\/tr><tr><td>\u00d6sterreich<\/td><td>Wien (VIE)<\/td><td>Saisonale<\/td><\/tr><tr><td>British Airways<\/td><td>London Heathrow (LHR)<\/td><td>Saisonale<\/td><\/tr><tr><td>Fluggesellschaften entdecken<\/td><td>Frankfurt (FRA)<\/td><td>Saisonale<\/td><\/tr><tr><td>Fluggesellschaften entdecken<\/td><td>M\u00fcnchen (MUC)<\/td><td>Saisonale<\/td><\/tr><tr><td>easyJet<\/td><td>Genf (GVA)<\/td><td>Saisonale<\/td><\/tr><tr><td>easyJet<\/td><td>London Gatwick (LGW)<\/td><td>J\u00e4hrlich<\/td><\/tr><tr><td>easyJet<\/td><td>Manchester (MAN)<\/td><td>Saisonale<\/td><\/tr><tr><td>easyJet<\/td><td>Mailand Malpensa (MXP)<\/td><td>Saisonale<\/td><\/tr><tr><td>easyJet<\/td><td>Neapel (NAP)<\/td><td>Saisonale<\/td><\/tr><tr><td>easyJet<\/td><td>Nizza (NCE)<\/td><td>Saisonale<\/td><\/tr><tr><td>Edelweiss Air<\/td><td>Z\u00fcrich (ZRH)<\/td><td>Saisonale<\/td><\/tr><tr><td>Eurowings<\/td><td>D\u00fcsseldorf (DUS)<\/td><td>Saisonale<\/td><\/tr><tr><td>Eurowings<\/td><td>Stuttgart (STR)<\/td><td>Saisonale<\/td><\/tr><tr><td>Iberia<\/td><td>Madrid (MAD)<\/td><td>Saisonale<\/td><\/tr><tr><td>Lufthansa<\/td><td>M\u00fcnchen (MUC)<\/td><td>Saisonale<\/td><\/tr><tr><td>Neos<\/td><td>Mailand Malpensa (MXP)<\/td><td>Saisonale<\/td><\/tr><tr><td>Neos<\/td><td>Rom Fiumicino (FCO)<\/td><td>Saisonale<\/td><\/tr><tr><td>Neos<\/td><td>Verona (VRN)<\/td><td>Saisonale<\/td><\/tr><tr><td>Ryanair<\/td><td>Bologna (BLQ)<\/td><td>Saisonale<\/td><\/tr><tr><td>Ryanair<\/td><td>Budapest (BUD)<\/td><td>Saisonale<\/td><\/tr><tr><td>Ryanair<\/td><td>Paphos (PFO)<\/td><td>Saisonale<\/td><\/tr><tr><td>Ryanair<\/td><td>Wien (VIE)<\/td><td>Saisonale<\/td><\/tr><tr><td>Schweizer<\/td><td>Genf (GVA)<\/td><td>Saisonale<\/td><\/tr><tr><td>Transavia<\/td><td>Amsterdam (AMS)<\/td><td>Saisonale<\/td><\/tr><tr><td>Transavia<\/td><td>Lyon (LYS)<\/td><td>Saisonale<\/td><\/tr><tr><td>Transavia<\/td><td>Paris Orly (ORY)<\/td><td>Saisonale<\/td><\/tr><tr><td>TUI Fliege<\/td><td>Br\u00fcssel (BRU)<\/td><td>Saisonale<\/td><\/tr><tr><td>Volotea<\/td><td>Bari (BRI)<\/td><td>Saisonale<\/td><\/tr><tr><td>Volotea<\/td><td>Neapel (NAP)<\/td><td>Saisonale<\/td><\/tr><tr><td>Volotea<\/td><td>Venedig Marco Polo (VCE)<\/td><td>Saisonale<\/td><\/tr><tr><td>Vueling<\/td><td>Barcelona (BCN)<\/td><td>Saisonale<\/td><\/tr><tr><td>Wizz Air<\/td><td>London Luton (LTN)<\/td><td>Saisonale<\/td><\/tr><tr><td>Wizz Air<\/td><td>Bratislava (BTS)<\/td><td>Saisonale<\/td><\/tr><tr><td>Wizz Air Malta<\/td><td>Bukarest (OTP)<\/td><td>Saisonale<\/td><\/tr><tr><td>Wizz Air Malta<\/td><td>Rom Fiumicino (FCO)<\/td><td>Saisonale<\/td><\/tr><\/tbody><\/table><\/figure>\n\n<\/div><\/div>\n<\/div>\n\n<div class=\"gb-container gb-container-5d5fdcd5 gb-accordion__item\" id=\"middle-east\" data-transition=\"slide\">\n\n<button class=\"gb-button gb-button-e52b5c53 gb-accordion__toggle\" id=\"gb-accordion-toggle-e52b5c53\"><span class=\"gb-button-text\">Direktfl\u00fcge von Mykonos in den Nahen Osten \/ Westasien<\/span><span class=\"gb-icon\"><svg xmlns=\"http:\/\/www.w3.org\/2000\/svg\" viewbox=\"0 0 448 512\" width=\"1em\" height=\"1em\" role=\"img\" class=\"gb-accordion__icon\"><path d=\"M207.029 381.476L12.686 187.132c-9.373-9.373-9.373-24.569 0-33.941l22.667-22.667c9.357-9.357 24.522-9.375 33.901-.04L224 284.505l154.745-154.021c9.379-9.335 24.544-9.317 33.901.04l22.667 22.667c9.373 9.373 9.373 24.569 0 33.941L240.971 381.476c-9.373 9.372-24.569 9.372-33.942 0z\" fill=\"currentColor\"><\/path><\/svg><svg xmlns=\"http:\/\/www.w3.org\/2000\/svg\" viewbox=\"0 0 448 512\" width=\"1em\" height=\"1em\" role=\"img\" class=\"gb-accordion__icon-open\"><path d=\"M240.971 130.524l194.343 194.343c9.373 9.373 9.373 24.569 0 33.941l-22.667 22.667c-9.357 9.357-24.522 9.375-33.901.04L224 227.495 69.255 381.516c-9.379 9.335-24.544 9.317-33.901-.04l-22.667-22.667c-9.373-9.373-9.373-24.569 0-33.941L207.03 130.525c9.372-9.373 24.568-9.373 33.941-.001z\" fill=\"currentColor\"><\/path><\/svg><\/span><\/button>\n\n\n<div id=\"gb-accordion-content-64bc7396\" class=\"gb-accordion__content\"><div class=\"gb-container gb-container-64bc7396\">\n\n<figure class=\"wp-block-table\"><table><thead><tr><th><strong>Fluggesellschaft<\/strong>:<\/th><th><strong>Abreise Stadt<\/strong>:<\/th><th><strong>Saisonal \/ J\u00e4hrlich<\/strong>:<\/th><\/tr><\/thead><tbody><tr><td>\u00c4g\u00e4is<\/td><td>Istanbul (IST)<\/td><td>Saisonale<\/td><\/tr><tr><td>Arkia<\/td><td>Tel Aviv (TLV)<\/td><td>Saisonale<\/td><\/tr><tr><td>EL AL<\/td><td>Tel Aviv (TLV)<\/td><td>Saisonale<\/td><\/tr><tr><td>Etihad Airways<\/td><td>Abu Dhabi (AUH)<\/td><td>Saisonale<\/td><\/tr><tr><td>Flydubai<\/td><td>Dubai (DXB)<\/td><td>Saisonale<\/td><\/tr><tr><td>Kuwait Airways<\/td><td>Kuwait-Stadt (KWI)<\/td><td>Saisonale<\/td><\/tr><tr><td>Naher Osten<\/td><td>Beirut (BEY)<\/td><td>Saisonale<\/td><\/tr><tr><td>Katar Fluggesellschaften<\/td><td>Doha (DOH)<\/td><td>Saisonale<\/td><\/tr><\/tbody><\/table><\/figure>\n\n<\/div><\/div>\n<\/div>\n\n<div class=\"gb-container gb-container-1af24cec gb-accordion__item\" id=\"domestic-flights\" data-transition=\"slide\">\n\n<button class=\"gb-button gb-button-52fa8bc3 gb-accordion__toggle\" id=\"gb-accordion-toggle-52fa8bc3\"><span class=\"gb-button-text\">Inlandsfl\u00fcge von Mykonos<\/span><span class=\"gb-icon\"><svg xmlns=\"http:\/\/www.w3.org\/2000\/svg\" viewbox=\"0 0 448 512\" width=\"1em\" height=\"1em\" role=\"img\" class=\"gb-accordion__icon\"><path d=\"M207.029 381.476L12.686 187.132c-9.373-9.373-9.373-24.569 0-33.941l22.667-22.667c9.357-9.357 24.522-9.375 33.901-.04L224 284.505l154.745-154.021c9.379-9.335 24.544-9.317 33.901.04l22.667 22.667c9.373 9.373 9.373 24.569 0 33.941L240.971 381.476c-9.373 9.372-24.569 9.372-33.942 0z\" fill=\"currentColor\"><\/path><\/svg><svg xmlns=\"http:\/\/www.w3.org\/2000\/svg\" viewbox=\"0 0 448 512\" width=\"1em\" height=\"1em\" role=\"img\" class=\"gb-accordion__icon-open\"><path d=\"M240.971 130.524l194.343 194.343c9.373 9.373 9.373 24.569 0 33.941l-22.667 22.667c-9.357 9.357-24.522 9.375-33.901.04L224 227.495 69.255 381.516c-9.379 9.335-24.544 9.317-33.901-.04l-22.667-22.667c-9.373-9.373-9.373-24.569 0-33.941L207.03 130.525c9.372-9.373 24.568-9.373 33.941-.001z\" fill=\"currentColor\"><\/path><\/svg><\/span><\/button>\n\n\n<div id=\"gb-accordion-content-28f6dfa9\" class=\"gb-accordion__content\"><div class=\"gb-container gb-container-28f6dfa9\">\n\n<figure class=\"wp-block-table\"><table><thead><tr><th>Fluggesellschaft:<\/th><th>Abreise Stadt:<\/th><th>Saisonal \/ Ganzj\u00e4hrig:<\/th><\/tr><\/thead><tbody><tr><td>Aegean (Star Alliance)<\/td><td>Athen (ATH)<\/td><td>Das ganze Jahr \u00fcber<\/td><\/tr><tr><td>Aegean (Star Alliance)<\/td><td>Heraklion (HER)<\/td><td>Saisonale<\/td><\/tr><tr><td>Aegean (Star Alliance)<\/td><td>Rhodos (RHO)<\/td><td>Saisonale<\/td><\/tr><tr><td>Aegean (Star Alliance)<\/td><td>Santorin (JTR)<\/td><td>Saisonale<\/td><\/tr><tr><td>Aegean (Star Alliance)<\/td><td>Thessaloniki (SKG)<\/td><td>Saisonale<\/td><\/tr><tr><td>Etihad Airways<\/td><td>Athen (ATH)<\/td><td>Das ganze Jahr \u00fcber<\/td><\/tr><tr><td>Flydubai<\/td><td>Santorin (JTR)<\/td><td>Saisonale<\/td><\/tr><tr><td>Neos<\/td><td>Karpathos (AOK)<\/td><td>Das ganze Jahr \u00fcber<\/td><\/tr><tr><td>Neos<\/td><td>Kos (KGS)<\/td><td>Das ganze Jahr \u00fcber<\/td><\/tr><tr><td>Himmels-Express<\/td><td>Athen (ATH)<\/td><td>Das ganze Jahr \u00fcber<\/td><\/tr><tr><td>Himmels-Express<\/td><td>Thessaloniki (SKG)<\/td><td>Saisonale<\/td><\/tr><tr><td>TUI Fliege<\/td><td>Mytilene (MJT)<\/td><td>Saisonale<\/td><\/tr><\/tbody><\/table><\/figure>\n\n<\/div><\/div>\n<\/div>\n<\/div>\n<\/div>\n<\/div>\n\n\n<div class=\"gb-element-8f80578c airport-guides-card\" id=\"connecting-airports\">\n<h2 class=\"gb-text gb-text-e872be58\">Anschlie\u00dfende Flugh\u00e4fen<\/h2>\n\n\n\n<p class=\"gb-text gb-text-32582f80\">Fliegen Sie von einem der oben aufgef\u00fchrten Abflugh\u00e4fen nach Mykonos? Verpassen Sie nicht unsere ausf\u00fchrlichen Flughafenf\u00fchrer mit den neuesten Ankunfts- und Abflugzeiten, Flughafentransfers und vielem mehr!<\/p>\n\n\n\n<p class=\"gb-text gb-text-61c34df2\">Die unten aufgef\u00fchrten Flughafenf\u00fchrer gelten f\u00fcr Abflugorte mit Direktfl\u00fcgen zum Flughafen JMK.<\/p>\n\n\n\n<div class=\"gb-element-235dcdd0\">\n<div>\n<a class=\"gb-text gb-text-ac983695\" href=\"https:\/\/theathensairport.com\/\" target=\"_blank\" rel=\"noopener\">Flughafen Athen (ATH)<\/a>\n<\/div>\n\n\n\n<div>\n<a class=\"gb-text gb-text-2310e7ae\" href=\"https:\/\/thebarcelonaairport.com\/\" target=\"_blank\" rel=\"noopener\">Flughafen Barcelona (BCN)<\/a>\n<\/div>\n\n\n\n<div>\n<a class=\"gb-text gb-text-dbd142f6\" href=\"https:\/\/thebrusselsairport.com\/\" target=\"_blank\" rel=\"noopener\">Flughafen Br\u00fcssel (BRU)<\/a>\n<\/div>\n\n\n\n<div>\n<a class=\"gb-text gb-text-071e1a8f\" href=\"https:\/\/theistanbulairport.com\/\" target=\"_blank\" rel=\"noopener\">Flughafen Istanbul (IST)<\/a>\n<\/div>\n\n\n\n<div>\n<a class=\"gb-text gb-text-2f655329\" href=\"https:\/\/thesantoriniairport.com\/\" target=\"_blank\" rel=\"noopener\">Santorini Flughafen (JTR)<\/a>\n<\/div>\n<\/div>\n<\/div>\n\n\n\n<div id=\"search-flights\">\n<p class=\"gb-text gbp-section__tagline gb-text-49172af2\">PREISE PR\u00dcFEN<\/p>\n\n\n\n<h2 class=\"gb-text gb-text-e50ae118\">Suche Fl\u00fcge nach Mykonos Flughafen<\/h2>\n\n\n<div class=\"gb-container gb-container-020616f2\" id=\"search-flights\">\n\n<div\n  data-skyscanner-widget=\"FlightSearchWidget\"\n  data-locale=\"en-US\"\n  data-market=\"US\"\n  data-currency=\"USD\"\n  data-media-partner-id=\"3515634\"\n  data-utm-term=\"jmkairport\"\n  data-button-colour=\"#a49c64\"\n  data-font-colour=\"#000000\"\n  data-button-text-size=\"1.5\"\n  data-hide-powered-by=\"true\"\n  data-responsive=\"true\"\n><\/div>\n<script src=\"https:\/\/widgets.skyscanner.net\/widget-server\/js\/loader.js\" async><\/script>\n\n<\/div><\/div>\n<\/div>\n<\/div>\n<\/section>","protected":false},"excerpt":{"rendered":"<p>AIRLINES INFORMATION Mykonos&nbsp;International Airport Guide (JMK) View all of the airlines that fly to Mykonos&nbsp;International Airport. Learn more about each individual airline and the flights that they operate both to and from JMK Airport. Routes Directory Flights to Europe Flights to the Middle-East Domestic Flights Connecting Airports Search Flights LIST OF AIRLINES Flying to Mykonos&nbsp;Airport &#8230; <a title=\"Fluggesellschaften\" class=\"read-more\" href=\"https:\/\/themykonosairport.com\/de\/airlines\/\" aria-label=\"Mehr Informationen \u00fcber Airlines\">Weiterlesen &#8230;<\/a><\/p>","protected":false},"author":1,"featured_media":51280,"parent":0,"menu_order":0,"comment_status":"closed","ping_status":"closed","template":"","meta":{"footnotes":""},"class_list":["post-50158","page","type-page","status-publish","has-post-thumbnail"],"_links":{"self":[{"href":"https:\/\/themykonosairport.com\/de\/wp-json\/wp\/v2\/pages\/50158","targetHints":{"allow":["GET"]}}],"collection":[{"href":"https:\/\/themykonosairport.com\/de\/wp-json\/wp\/v2\/pages"}],"about":[{"href":"https:\/\/themykonosairport.com\/de\/wp-json\/wp\/v2\/types\/page"}],"author":[{"embeddable":true,"href":"https:\/\/themykonosairport.com\/de\/wp-json\/wp\/v2\/users\/1"}],"replies":[{"embeddable":true,"href":"https:\/\/themykonosairport.com\/de\/wp-json\/wp\/v2\/comments?post=50158"}],"version-history":[{"count":67,"href":"https:\/\/themykonosairport.com\/de\/wp-json\/wp\/v2\/pages\/50158\/revisions"}],"predecessor-version":[{"id":51969,"href":"https:\/\/themykonosairport.com\/de\/wp-json\/wp\/v2\/pages\/50158\/revisions\/51969"}],"wp:featuredmedia":[{"embeddable":true,"href":"https:\/\/themykonosairport.com\/de\/wp-json\/wp\/v2\/media\/51280"}],"wp:attachment":[{"href":"https:\/\/themykonosairport.com\/de\/wp-json\/wp\/v2\/media?parent=50158"}],"curies":[{"name":"wp","href":"https:\/\/api.w.org\/{rel}","templated":true}]}}