{"id":50666,"date":"2026-02-14T10:35:24","date_gmt":"2026-02-14T17:35:24","guid":{"rendered":"https:\/\/phnompenhairport.com\/?page_id=50666"},"modified":"2026-02-14T10:35:25","modified_gmt":"2026-02-14T17:35:25","slug":"haftungsausschluss-fur-partner","status":"publish","type":"page","link":"https:\/\/themykonosairport.com\/de\/affiliate-disclaimer\/","title":{"rendered":"Haftungsausschluss f\u00fcr Partner"},"content":{"rendered":"<div class=\"gb-element-f7c19d7c\">\n<img loading=\"lazy\" decoding=\"async\" width=\"1920\" height=\"1280\" class=\"gb-media-ffdd930e\" alt=\"Mykonos Flughafenf\u00fchrer (JMK)\" src=\"https:\/\/themykonosairport.com\/wp-content\/uploads\/2026\/02\/Mykonos-Airport-Guide-HERO.jpg\" title=\"Mykonos Flughafenf\u00fchrer (JMK)\" srcset=\"https:\/\/themykonosairport.com\/wp-content\/uploads\/2026\/02\/Mykonos-Airport-Guide-HERO.jpg 1920w, https:\/\/themykonosairport.com\/wp-content\/uploads\/2026\/02\/Mykonos-Airport-Guide-HERO-300x200.jpg 300w, https:\/\/themykonosairport.com\/wp-content\/uploads\/2026\/02\/Mykonos-Airport-Guide-HERO-1024x683.jpg 1024w, https:\/\/themykonosairport.com\/wp-content\/uploads\/2026\/02\/Mykonos-Airport-Guide-HERO-768x512.jpg 768w, https:\/\/themykonosairport.com\/wp-content\/uploads\/2026\/02\/Mykonos-Airport-Guide-HERO-1536x1024.jpg 1536w\" sizes=\"auto, (max-width: 1920px) 100vw, 1920px\" \/>\n\n\n\n<div class=\"gb-element-a6e04bbc\"><\/div>\n\n\n\n<div class=\"gbp-section gb-element-6d63ba78\">\n<div class=\"gbp-section__inner gb-element-5e09b6a6\">\n<div class=\"gb-element-162bd0fb\">\n<h1 class=\"gb-text gb-text-66a4b68f\">HAFTUNGSAUSSCHLUSS F\u00dcR PARTNER<\/h1>\n\n\n\n<h2 class=\"gb-text gb-text-8811464f\">Mykonos Internationaler Flughafenf\u00fchrer (JMK)<\/h2>\n\n\n\n<div class=\"gb-element-1d06a4a2\">\n<p class=\"gb-text gb-text-b4b0d4ea\">Erfahren Sie, wie wir diese Website betreiben und welche Partnerschaften uns dabei helfen, Ihnen die besten Empfehlungen und Ratschl\u00e4ge im Mykonos Airport Guide zu geben. Lesen Sie weiter unten...<\/p>\n<\/div>\n<\/div>\n<\/div>\n<\/div>\n<\/div>\n\n\n\n<section class=\"gbp-section gb-element-9b13401c\">\n<div class=\"gbp-section__inner gb-element-eb8752bf\">\n<div class=\"gb-element-bee2059a\"><div class=\"gb-container gb-container-37e31c47\"><div class=\"gb-inside-container\">\n\n<p class=\"gb-text gbp-section__tagline gb-text-2f462fa9\">lesen Sie unser<\/p>\n\n\n\n<h2 class=\"gb-text gb-text-a4313699\">Haftungsausschluss f\u00fcr Partner<\/h2>\n\n\n\n<p class=\"gb-text gb-text-77d76637\">TheMykonosAirport.com ist bestrebt, Reisenden m\u00f6glichst genaue und aktuelle Informationen zur Verf\u00fcgung zu stellen.<\/p>\n\n\n\n<p class=\"gb-text gb-text-83744968\">Wir stecken viel harte Arbeit und Energie in die Erstellung dieser Flughafenf\u00fchrer f\u00fcr unsere Leser, und um unsere Bem\u00fchungen zu unterst\u00fctzen, nehmen wir an mehreren Reisepartner-Marketingprogrammen teil.<\/p>\n\n\n\n<p class=\"gb-text gb-text-9efd2dd9\">Bitte beachten Sie, dass wir, wenn Sie auf bestimmte Links auf unserer Website klicken und einen Kauf oder eine Buchung t\u00e4tigen, eine Provision erhalten k\u00f6nnen, ohne dass Ihnen dadurch zus\u00e4tzliche Kosten entstehen.<\/p>\n\n\n\n<p class=\"gb-text gb-text-0c02f79f\">Diese Provisionen erm\u00f6glichen es uns, den Inhalt und die Dienstleistungen, die wir anbieten, weiterhin zu pflegen und zu verbessern.<\/p>\n\n\n\n<p class=\"gb-text gb-text-f9fcd7c1\">Wir sind stolz darauf, nur mit den vertrauensw\u00fcrdigsten Reisepartnerprogrammen zusammenzuarbeiten, einschlie\u00dflich, aber nicht beschr\u00e4nkt auf:<\/p>\n\n\n\n<ul class=\"wp-block-list\">\n<li><strong>Civitatis<\/strong>: Touren, Aktivit\u00e4ten, Flughafentransfers und Reiseerlebnisse.<\/li>\n\n\n\n<li><strong>Viator<\/strong>: F\u00fchrungen, Eintrittskarten und Aktivit\u00e4ten.<\/li>\n\n\n\n<li><strong>WillkommenAbholung<\/strong>: Hochwertige Flughafentransfer- und Transportdienstleistungen.<\/li>\n\n\n\n<li><strong>Alosim<\/strong>: Bequeme eSIM-L\u00f6sungen f\u00fcr Reisende.<\/li>\n\n\n\n<li><strong>Buchen.com<\/strong>: F\u00fchrende Plattform f\u00fcr die Buchung von Unterk\u00fcnften.<\/li>\n\n\n\n<li><strong>Skyscanner<\/strong>: Vergleichen Sie Preise f\u00fcr Fl\u00fcge, Hotels und Autovermietungen.<\/li>\n\n\n\n<li><strong>Autos entdecken<\/strong>: Erschwingliche Autovermietungen weltweit.<\/li>\n<\/ul>\n\n\n\n<p class=\"gb-text gb-text-0e781423\">Bitte beachten Sie, dass wir zwar bestrebt sind, unseren Lesern nur die hochwertigsten Produkte und Dienstleistungen zu empfehlen, die Kaufentscheidungen aber letztlich bei Ihnen liegen. Wie immer empfehlen wir Ihnen, vor dem Kauf eines Produkts oder einer Dienstleistung alle Bedingungen und Konditionen zu pr\u00fcfen.<\/p>\n\n\n\n<p class=\"gb-text gb-text-b09acb51\">Durch die Nutzung dieser Website erkennen Sie an und erkl\u00e4ren sich damit einverstanden, dass unsere Website; TheMykonosAirport.com wie oben beschrieben Partnerprovisionen erhalten kann.<\/p>\n\n\n\n<p class=\"gb-text\">Vielen Dank f\u00fcr Ihre anhaltende Unterst\u00fctzung!<\/p>\n\n\n\n<p class=\"gb-text gb-text-fd49b68c\"><em>Dieses Dokument wurde zuletzt aktualisiert am <em>8. Februar 2026<\/em><\/em><\/p>\n\n<\/div><\/div><\/div>\n<\/div>\n<\/section>","protected":false},"excerpt":{"rendered":"<p>AFFILIATE DISCLAIMER Mykonos&nbsp;International Airport Guide (JMK) Learn about how we operate this website and the partnerships that help us provide you with the best recommendations and advice at The Mykonos&nbsp;Airport Guide. Read below\u2026 read our Affiliate Disclaimer TheMykonosAirport.com\u00a0is committed to providing the most accurate, up-to-date information to travelers. We put a lot of hard work &#8230; <a title=\"Haftungsausschluss f\u00fcr Partner\" class=\"read-more\" href=\"https:\/\/themykonosairport.com\/de\/affiliate-disclaimer\/\" aria-label=\"Mehr Informationen \u00fcber Affiliate Disclaimer\">Weiterlesen &#8230;<\/a><\/p>","protected":false},"author":1,"featured_media":51801,"parent":0,"menu_order":0,"comment_status":"closed","ping_status":"closed","template":"","meta":{"footnotes":""},"class_list":["post-50666","page","type-page","status-publish","has-post-thumbnail"],"_links":{"self":[{"href":"https:\/\/themykonosairport.com\/de\/wp-json\/wp\/v2\/pages\/50666","targetHints":{"allow":["GET"]}}],"collection":[{"href":"https:\/\/themykonosairport.com\/de\/wp-json\/wp\/v2\/pages"}],"about":[{"href":"https:\/\/themykonosairport.com\/de\/wp-json\/wp\/v2\/types\/page"}],"author":[{"embeddable":true,"href":"https:\/\/themykonosairport.com\/de\/wp-json\/wp\/v2\/users\/1"}],"replies":[{"embeddable":true,"href":"https:\/\/themykonosairport.com\/de\/wp-json\/wp\/v2\/comments?post=50666"}],"version-history":[{"count":18,"href":"https:\/\/themykonosairport.com\/de\/wp-json\/wp\/v2\/pages\/50666\/revisions"}],"predecessor-version":[{"id":51952,"href":"https:\/\/themykonosairport.com\/de\/wp-json\/wp\/v2\/pages\/50666\/revisions\/51952"}],"wp:featuredmedia":[{"embeddable":true,"href":"https:\/\/themykonosairport.com\/de\/wp-json\/wp\/v2\/media\/51801"}],"wp:attachment":[{"href":"https:\/\/themykonosairport.com\/de\/wp-json\/wp\/v2\/media?parent=50666"}],"curies":[{"name":"wp","href":"https:\/\/api.w.org\/{rel}","templated":true}]}}