{"id":50686,"date":"2026-02-14T10:38:18","date_gmt":"2026-02-14T17:38:18","guid":{"rendered":"https:\/\/phnompenhairport.com\/?page_id=50686"},"modified":"2026-02-14T10:38:18","modified_gmt":"2026-02-14T17:38:18","slug":"website-haftungsausschluss","status":"publish","type":"page","link":"https:\/\/themykonosairport.com\/de\/website-disclaimer\/","title":{"rendered":"Website Haftungsausschluss"},"content":{"rendered":"<div class=\"gb-element-f7c19d7c\">\n<img loading=\"lazy\" decoding=\"async\" width=\"1920\" height=\"1280\" class=\"gb-media-ffdd930e\" alt=\"Mykonos Flughafenf\u00fchrer (JMK)\" src=\"https:\/\/themykonosairport.com\/wp-content\/uploads\/2026\/02\/Mykonos-Airport-Guide-HERO.jpg\" title=\"Mykonos Flughafenf\u00fchrer (JMK)\" srcset=\"https:\/\/themykonosairport.com\/wp-content\/uploads\/2026\/02\/Mykonos-Airport-Guide-HERO.jpg 1920w, https:\/\/themykonosairport.com\/wp-content\/uploads\/2026\/02\/Mykonos-Airport-Guide-HERO-300x200.jpg 300w, https:\/\/themykonosairport.com\/wp-content\/uploads\/2026\/02\/Mykonos-Airport-Guide-HERO-1024x683.jpg 1024w, https:\/\/themykonosairport.com\/wp-content\/uploads\/2026\/02\/Mykonos-Airport-Guide-HERO-768x512.jpg 768w, https:\/\/themykonosairport.com\/wp-content\/uploads\/2026\/02\/Mykonos-Airport-Guide-HERO-1536x1024.jpg 1536w\" sizes=\"auto, (max-width: 1920px) 100vw, 1920px\" \/>\n\n\n\n<div class=\"gb-element-a6e04bbc\"><\/div>\n\n\n\n<div class=\"gbp-section gb-element-6d63ba78\">\n<div class=\"gbp-section__inner gb-element-5e09b6a6\">\n<div class=\"gb-element-162bd0fb\">\n<h1 class=\"gb-text gb-text-66a4b68f\">WEBSITE-HAFTUNGSAUSSCHLUSS<\/h1>\n\n\n\n<h2 class=\"gb-text gb-text-8811464f\">Mykonos Internationaler Flughafenf\u00fchrer (JMK)<\/h2>\n\n\n\n<div class=\"gb-element-1d06a4a2\">\n<p class=\"gb-text gb-text-b4b0d4ea\">Lesen Sie unten unseren Website Disclaimer und erfahren Sie mehr dar\u00fcber, wie wir unsere Website The Mykonos Airport Guide betreiben. Lesen Sie unten...<\/p>\n<\/div>\n<\/div>\n<\/div>\n<\/div>\n<\/div>\n\n\n\n<section class=\"gbp-section gb-element-9b13401c\">\n<div class=\"gbp-section__inner gb-element-eb8752bf\">\n<div class=\"gb-element-bee2059a\"><div class=\"gb-container gb-container-37e31c47\"><div class=\"gb-inside-container\">\n\n<p class=\"gb-text gbp-section__tagline gb-text-2f462fa9\">LESEN SIE UNSER<\/p>\n\n\n\n<h2 class=\"gb-text gb-text-a4313699\">Website Haftungsausschluss<\/h2>\n\n\n\n<p class=\"gb-text gb-text-77d76637\">TheMykonosAirport.com ist\u00a0<strong>nicht<\/strong>\u00a0die offizielle Website des Internationalen Flughafens Mykonos, und die hier dargestellten Informationen werden nicht von seinen Angestellten, Beamten oder Partnern erstellt, produziert oder geliefert.<\/p>\n\n\n\n<p class=\"gb-text gb-text-48a751d3\">Diese Seite ist eine unabh\u00e4ngige, informative Reisequelle f\u00fcr den Flughafen Mykonos in Mykonos, Griechenland. Alle Verweise auf bestimmte kommerzielle Dienstleistungen, Produkte oder Prozesse oder die Verwendung von Firmen- oder Markennamen stellen keine Empfehlung oder Bef\u00fcrwortung durch den internationalen Flughafen Mykonos dar.<\/p>\n\n\n\n<p class=\"gb-text gb-text-35a16753\">Der Begriff Flughafen Mykonos und Internationaler Flughafen Mykonos sowie alle damit verbundenen Logos, Grafiken, Namen, Marken und\/oder Urheberrechte geh\u00f6ren dem Internationalen Flughafen Mykonos und werden hier nur zu Beschreibungszwecken verwendet.<\/p>\n\n\n\n<p class=\"gb-text gb-text-e2638078\">Durch die Nutzung oder den Zugriff auf TheMykonosAirport.com erkl\u00e4ren Sie sich mit unseren Bedingungen einverstanden. Auf dieser Website werden Informationen \u00fcber die Dienstleistungen des oben genannten Flughafens nach bestem Wissen und Gewissen dargestellt.<\/p>\n\n\n\n<p class=\"gb-text gb-text-b9f72803\">Obwohl wir unser Bestes tun, um die Richtigkeit der Informationen auf dieser Website zu \u00fcberpr\u00fcfen, besteht immer die M\u00f6glichkeit, dass die hier gefundenen Informationen veraltet oder falsch sind. Wir machen keine Anspr\u00fcche, Versprechungen oder Garantien \u00fcber die G\u00fcltigkeit, Genauigkeit und Angemessenheit des Inhalts dieser Website und lehnen ausdr\u00fccklich die Haftung f\u00fcr Fehler und Auslassungen in den hier dargestellten Informationen ab.<\/p>\n\n\n\n<p class=\"gb-text gb-text-23fb0227\">Wir haften nicht f\u00fcr direkte oder indirekte Sch\u00e4den, Folgesch\u00e4den oder sonstige Sch\u00e4den, die sich aus der Nutzung der auf dieser Website enthaltenen Informationen ergeben. Bitte wenden Sie sich an die zust\u00e4ndigen \u00f6ffentlichen oder privaten Stellen, um die von Ihnen gesuchten Informationen zu \u00fcberpr\u00fcfen.<\/p>\n\n\n\n<p class=\"gb-text gb-text-6aeab386\">Mehr Infos:&nbsp;<a href=\"https:\/\/themykonosairport.com\/de\/datenschutzbestimmungen\/\" data-type=\"page\" data-id=\"50675\"><span style=\"text-decoration: underline;\">Datenschutzbestimmungen<\/span><\/a><\/p>\n\n\n\n<p class=\"gb-text gb-text-fd49b68c\"><em>Dieses Dokument wurde zuletzt aktualisiert am <em>8. Februar 2026<\/em><\/em><\/p>\n\n<\/div><\/div><\/div>\n<\/div>\n<\/section>","protected":false},"excerpt":{"rendered":"<p>WEBSITE DISCLAIMER Mykonos&nbsp;International Airport Guide (JMK) View our Website Disclaimer below and learn more about how we operate our website The Mykonos&nbsp;Airport Guide. Read below\u2026 READ OUR Website Disclaimer TheMykonosAirport.com\u00a0is\u00a0not\u00a0the official website of the Mykonos\u00a0International Airport and the information presented herein is not created, produced, or delivered by its employees, officials, or affiliates. This site &#8230; <a title=\"Website Haftungsausschluss\" class=\"read-more\" href=\"https:\/\/themykonosairport.com\/de\/website-disclaimer\/\" aria-label=\"Mehr Informationen \u00fcber Website Disclaimer\">Weiterlesen &#8230;<\/a><\/p>","protected":false},"author":1,"featured_media":51801,"parent":0,"menu_order":0,"comment_status":"closed","ping_status":"closed","template":"","meta":{"footnotes":""},"class_list":["post-50686","page","type-page","status-publish","has-post-thumbnail"],"_links":{"self":[{"href":"https:\/\/themykonosairport.com\/de\/wp-json\/wp\/v2\/pages\/50686","targetHints":{"allow":["GET"]}}],"collection":[{"href":"https:\/\/themykonosairport.com\/de\/wp-json\/wp\/v2\/pages"}],"about":[{"href":"https:\/\/themykonosairport.com\/de\/wp-json\/wp\/v2\/types\/page"}],"author":[{"embeddable":true,"href":"https:\/\/themykonosairport.com\/de\/wp-json\/wp\/v2\/users\/1"}],"replies":[{"embeddable":true,"href":"https:\/\/themykonosairport.com\/de\/wp-json\/wp\/v2\/comments?post=50686"}],"version-history":[{"count":14,"href":"https:\/\/themykonosairport.com\/de\/wp-json\/wp\/v2\/pages\/50686\/revisions"}],"predecessor-version":[{"id":51953,"href":"https:\/\/themykonosairport.com\/de\/wp-json\/wp\/v2\/pages\/50686\/revisions\/51953"}],"wp:featuredmedia":[{"embeddable":true,"href":"https:\/\/themykonosairport.com\/de\/wp-json\/wp\/v2\/media\/51801"}],"wp:attachment":[{"href":"https:\/\/themykonosairport.com\/de\/wp-json\/wp\/v2\/media?parent=50686"}],"curies":[{"name":"wp","href":"https:\/\/api.w.org\/{rel}","templated":true}]}}