{"id":51659,"date":"2026-02-14T10:36:36","date_gmt":"2026-02-14T17:36:36","guid":{"rendered":"https:\/\/theloscabosairport.com\/?page_id=51659"},"modified":"2026-02-14T10:36:37","modified_gmt":"2026-02-14T17:36:37","slug":"flughafen-lounges","status":"publish","type":"page","link":"https:\/\/themykonosairport.com\/de\/airport-lounges\/","title":{"rendered":"Flughafen-Lounges"},"content":{"rendered":"<div class=\"gb-element-f7c19d7c\">\n<img loading=\"lazy\" decoding=\"async\" width=\"1920\" height=\"1280\" class=\"gb-media-ffdd930e\" alt=\"Mykonos Flughafen Lounges\" src=\"https:\/\/themykonosairport.com\/wp-content\/uploads\/2025\/10\/Airport-Lounges.jpg\" title=\"Mykonos Flughafen Lounges\" srcset=\"https:\/\/themykonosairport.com\/wp-content\/uploads\/2025\/10\/Airport-Lounges.jpg 1920w, https:\/\/themykonosairport.com\/wp-content\/uploads\/2025\/10\/Airport-Lounges-300x200.jpg 300w, https:\/\/themykonosairport.com\/wp-content\/uploads\/2025\/10\/Airport-Lounges-1024x683.jpg 1024w, https:\/\/themykonosairport.com\/wp-content\/uploads\/2025\/10\/Airport-Lounges-768x512.jpg 768w, https:\/\/themykonosairport.com\/wp-content\/uploads\/2025\/10\/Airport-Lounges-1536x1024.jpg 1536w\" sizes=\"auto, (max-width: 1920px) 100vw, 1920px\" \/>\n\n\n\n<div class=\"gb-element-a6e04bbc\"><\/div>\n\n\n\n<div class=\"gbp-section gb-element-6d63ba78\">\n<div class=\"gbp-section__inner gb-element-5e09b6a6\">\n<div class=\"gb-element-162bd0fb\">\n<h1 class=\"gb-text gb-text-66a4b68f\">FLUGHAFEN-LOUNGES<\/h1>\n\n\n\n<h2 class=\"gb-text gb-text-8811464f\">Mykonos Internationaler Flughafenf\u00fchrer (JMK)<\/h2>\n\n\n\n<div class=\"gb-element-1d06a4a2\">\n<p class=\"gb-text gb-text-b4b0d4ea\">Entdecken Sie alle verf\u00fcgbaren Lounges am Flughafen Mykonos (JMK). Entdecken Sie die Annehmlichkeiten, Zugangsoptionen und Dienstleistungen, um sich vor Ihrem Flug zu entspannen und zu erholen.<\/p>\n<\/div>\n<\/div>\n<\/div>\n<\/div>\n<\/div>\n\n\n\n<section class=\"gbp-section gb-element-9b13401c\">\n<div class=\"gbp-section__inner gb-element-eb8752bf\">\n<div class=\"gb-element-f6478001\">\n<div class=\"gb-element-5a450862\">\n<div class=\"gb-element-450ce1d9\">\n<h2 class=\"gb-text gb-text-dac2183f\">Flughafen-Lounges<\/h2>\n\n\n\n<div>\n<div class=\"gb-element-e2eb0964\">\n<a class=\"gb-text-8af09b9a\" href=\"#terminal-1\"><span class=\"gb-text\">Flughafen-Lounges<\/span><span class=\"gb-shape\"><svg viewbox=\"0 0 256 256\" height=\"32\" width=\"32\" xmlns=\"http:\/\/www.w3.org\/2000\/svg\"><path d=\"M224.49,136.49l-72,72a12,12,0,0,1-17-17L187,140H40a12,12,0,0,1,0-24H187L135.51,64.48a12,12,0,0,1,17-17l72,72A12,12,0,0,1,224.49,136.49Z\"><\/path><\/svg><\/span><\/a>\n<\/div>\n<\/div>\n<\/div>\n<\/div>\n<\/div>\n\n\n\n<div class=\"gb-element-bee2059a\"><div class=\"gb-container gb-container-37e31c47\" id=\"list-of-lounges\"><div class=\"gb-inside-container\">\n\n<p class=\"gb-text gbp-section__tagline gb-text-2f462fa9\">Flughafen-Lounges<\/p>\n\n\n\n<h2 class=\"gb-text gb-text-a4313699\" id=\"terminal-1\">Goldair Abfertigungshalle<\/h2>\n\n\n\n<div class=\"gb-element-7aa2957e\">\n<div>\n<p class=\"gb-headline gb-headline-2c6d3976 gb-headline-text\">Der internationale Flughafen Mykonos verf\u00fcgt \u00fcber eine VIP-Lounge, in der Reisende vor ihrem Flug bequem entspannen und erstklassige Annehmlichkeiten genie\u00dfen k\u00f6nnen.<br><gwmw style=\"display: none; background-color: transparent;\"><\/gwmw><\/p>\n\n\n\n<ul class=\"wp-block-list\">\n<li><strong>Standort<\/strong>: Luftseite - 1. Stock, in der N\u00e4he von Gate 4. Mehr Informationen erhalten Sie <span style=\"text-decoration: underline;\"><a href=\"https:\/\/maps.app.goo.gl\/rYCBBgvjBmZhHqaU7\" target=\"_blank\" rel=\"noopener\">Details<\/a><\/span>.<\/li>\n\n\n\n<li><strong>Betriebszeiten<\/strong>8 AM - 10 PM t\u00e4glich.<\/li>\n\n\n\n<li><strong>Zugang:<\/strong>&nbsp;Priority-Pass-Mitglieder. Kinder sind nicht zugelassen.<\/li>\n<\/ul>\n<\/div>\n\n\n\n<div>\n<div class=\"gb-element-ecd18eb5\" id=\"parking\">\n<p class=\"gb-text gbp-section__tagline gb-text-0fd45c4c\">Lounge-Annehmlichkeiten<\/p>\n\n\n\n<div class=\"gb-element-1a799a7f\">\n<div>\n<div class=\"gb-element-6fb59105\">\n<div class=\"gb-text-847c481e\"><span class=\"gb-shape\"><svg xmlns=\"http:\/\/www.w3.org\/2000\/svg\" width=\"32\" height=\"32\" viewbox=\"0 0 24 24\"><!-- Icon from Material Design Icons by Pictogrammers - https:\/\/github.com\/Templarian\/MaterialDesign\/blob\/master\/LICENSE --><path fill=\"currentColor\" d=\"m12 21l3.6-4.8c-1-.75-2.25-1.2-3.6-1.2s-2.6.45-3.6 1.2zm0-18C7.95 3 4.21 4.34 1.2 6.6L3 9c2.5-1.88 5.62-3 9-3s6.5 1.12 9 3l1.8-2.4C19.79 4.34 16.05 3 12 3m0 6c-2.7 0-5.19.89-7.2 2.4l1.8 2.4C8.1 12.67 9.97 12 12 12s3.9.67 5.4 1.8l1.8-2.4C17.19 9.89 14.7 9 12 9\"><\/path><\/svg><\/span><\/div>\n\n\n\n<div class=\"gb-element-e9cb4ee0\">\n<p class=\"gb-text gb-text-2ff95f3c\">Wi-Fi<\/p>\n<\/div>\n<\/div>\n<\/div>\n\n\n\n<div>\n<div class=\"gb-element-eb285f56\">\n<div class=\"gb-text-46033a56\"><span class=\"gb-shape\"><svg xmlns=\"http:\/\/www.w3.org\/2000\/svg\" width=\"32\" height=\"32\" viewbox=\"0 0 24 24\"><!-- Icon from Material Symbols by Google - https:\/\/github.com\/google\/material-design-icons\/blob\/master\/LICENSE --><path fill=\"currentColor\" d=\"M13.325 13q-.8-1.125-2.112-1.562T8.5 11t-2.713.438T3.675 13zM8.5 9q1.15 0 2.338.288t2.2.887t1.737 1.5t.975 2.125q.1.475-.2.837t-.775.363H2.225q-.475 0-.775-.363t-.2-.837q.25-1.225.988-2.125t1.75-1.5t2.187-.888T8.5 9M2 19q-.425 0-.712-.288T1 18t.288-.712T2 17h13q.425 0 .713.288T16 18t-.288.713T15 19zm17.7 4H19q-.425 0-.712-.288T18 22t.288-.712T19 21h.4l1.4-14h-8.6q-.425 0-.712-.288T11.2 6t.288-.712T12.2 5H16V2q0-.425.288-.712T17 1t.713.288T18 2v3h3.9q.45 0 .75.325t.25.775l-1.55 15.45q-.075.625-.55 1.038T19.7 23M18 21h1.4zM2 23q-.425 0-.712-.288T1 22t.288-.712T2 21h13q.425 0 .713.288T16 22t-.288.713T15 23zm6.5-10\"><\/path><\/svg><\/span><\/div>\n\n\n\n<div class=\"gb-element-af4d9c5a\">\n<p class=\"gb-text gb-text-001bb5a5\">Erfrischungen<\/p>\n<\/div>\n<\/div>\n<\/div>\n\n\n\n<div>\n<div class=\"gb-element-ba2aabb6\">\n<div class=\"gb-text-ae980297\"><span class=\"gb-shape\"><svg xmlns=\"http:\/\/www.w3.org\/2000\/svg\" width=\"32\" height=\"32\" viewbox=\"0 0 24 24\"><!-- Icon from Myna UI Icons by Praveen Juge - https:\/\/github.com\/praveenjuge\/mynaui-icons\/blob\/main\/LICENSE --><path fill=\"none\" stroke=\"currentColor\" stroke-linecap=\"round\" stroke-linejoin=\"round\" stroke-width=\"1.5\" d=\"M15.6 14.522c-2.395 2.52-8.504-3.534-6.1-6.064c1.468-1.545-.19-3.31-1.108-4.609c-1.723-2.435-5.504.927-5.39 3.066c.363 6.746 7.66 14.74 14.726 14.042c2.21-.218 4.75-4.21 2.215-5.669c-1.268-.73-3.009-2.17-4.343-.767\"><\/path><\/svg><\/span><\/div>\n\n\n\n<div class=\"gb-element-2e0882ed\">\n<p class=\"gb-text gb-text-28727829\">Telefon<\/p>\n<\/div>\n<\/div>\n<\/div>\n\n\n\n<div>\n<div class=\"gb-element-936c7c95\">\n<div class=\"gb-text-78a76166\"><span class=\"gb-shape\"><svg xmlns=\"http:\/\/www.w3.org\/2000\/svg\" width=\"32\" height=\"32\" viewbox=\"0 0 24 24\"><!-- Icon from Google Material Icons by Material Design Authors - https:\/\/github.com\/material-icons\/material-icons\/blob\/master\/LICENSE --><path fill=\"currentColor\" d=\"M21 3H3c-1.1 0-2 .9-2 2v12c0 1.1.9 2 2 2h5v2h8v-2h5c1.1 0 1.99-.9 1.99-2L23 5c0-1.1-.9-2-2-2m0 14H3V5h18z\"><\/path><\/svg><\/span><\/div>\n\n\n\n<div class=\"gb-element-a83bdfab\">\n<p class=\"gb-text gb-text-069b9a36\">TV<\/p>\n<\/div>\n<\/div>\n<\/div>\n<\/div>\n\n\n\n<div class=\"gb-element-bd559673\">\n<div>\n<div class=\"gb-element-5fd590ac\">\n<div class=\"gb-text-52ce38cc\"><span class=\"gb-shape\"><svg xmlns=\"http:\/\/www.w3.org\/2000\/svg\" width=\"32\" height=\"32\" viewbox=\"0 0 24 24\"><!-- Icon from Meteor Icons by zkreations - https:\/\/github.com\/zkreations\/icons\/blob\/main\/LICENSE --><path fill=\"none\" stroke=\"currentColor\" stroke-linecap=\"round\" stroke-linejoin=\"round\" stroke-width=\"2\" d=\"M2 6v13a2 2 0 0 0 4 0V5a2 2 0 0 1 2-2h12a2 2 0 0 1 2 2v13a3 3 0 0 1-3 3H4m7-13h6m-6 4h6m-6 4h6\"><\/path><\/svg><\/span><\/div>\n\n\n\n<div class=\"gb-element-b916d1ec\">\n<p class=\"gb-text gb-text-1a9151b0\">Zeitungsartikel\/<br>Zeitschriften<\/p>\n<\/div>\n<\/div>\n<\/div>\n\n\n\n<div>\n<div class=\"gb-element-c685c562\">\n<div class=\"gb-text-bd264f68\"><span class=\"gb-shape\"><svg xmlns=\"http:\/\/www.w3.org\/2000\/svg\" width=\"32\" height=\"32\" viewbox=\"0 0 24 24\"><!-- Icon from Material Design Icons by Pictogrammers - https:\/\/github.com\/Templarian\/MaterialDesign\/blob\/master\/LICENSE --><path fill=\"currentColor\" d=\"m7.5 7l-2-2h13l-2 2M11 13v6H6v2h12v-2h-5v-6l8-8V3H3v2z\"><\/path><\/svg><\/span><\/div>\n\n\n\n<div class=\"gb-element-e0d2a0ca\">\n<p class=\"gb-text gb-text-47218164\">Alkohol<\/p>\n<\/div>\n<\/div>\n<\/div>\n<\/div>\n\n\n\n<div class=\"gb-element-b44d0eec\">\n<div>\n<div class=\"gb-element-bdb65cd8\">\n<div class=\"gb-text-d85dbf91\"><span class=\"gb-shape\"><svg xmlns=\"http:\/\/www.w3.org\/2000\/svg\" width=\"32\" height=\"32\" viewbox=\"0 0 512 512\"><!-- Icon from CoreUI Free by creativeLabs \u0141ukasz Holeczek - https:\/\/creativecommons.org\/licenses\/by\/4.0\/ --><path fill=\"currentColor\" d=\"m384 316.118l32 32V240h-32zM440 240h32v120h-32zm-76.549-125.945a64.1 64.1 0 0 0-4.649 76.993L364.77 200h38.46l-17.8-26.7a31.98 31.98 0 0 1 2.32-38.418a63.745 63.745 0 0 0 3.479-78.69L385.377 48H348.8l-1.82 1.3l18.208 25.49a31.81 31.81 0 0 1-1.737 39.265m72 0a64.1 64.1 0 0 0-4.649 76.993L436.77 200h38.46l-17.8-26.7a31.98 31.98 0 0 1 2.32-38.418a63.745 63.745 0 0 0 3.479-78.69L457.377 48H420.8l-1.82 1.3l18.208 25.49a31.81 31.81 0 0 1-1.737 39.265M262.627 240l-224-224H16v22.627L217.373 240H16v120h321.373l136 136H496v-22.627ZM48 328v-56h201.373l56 56Z\"><\/path><\/svg><\/span><\/div>\n\n\n\n<div class=\"gb-element-245355ed\">\n<p class=\"gb-text gb-text-fffba455\">Rauchen verboten<\/p>\n<\/div>\n<\/div>\n<\/div>\n\n\n\n<div>\n<div class=\"gb-element-f28ae0af\">\n<div class=\"gb-text-c8446d35\"><span class=\"gb-shape\"><svg xmlns=\"http:\/\/www.w3.org\/2000\/svg\" width=\"32\" height=\"32\" viewbox=\"0 0 14 14\"><!-- Icon from Streamline by Streamline - https:\/\/creativecommons.org\/licenses\/by\/4.0\/ --><g fill=\"none\" stroke=\"currentColor\" stroke-linecap=\"round\" stroke-linejoin=\"round\"><circle cx=\"8\" cy=\"2.5\" r=\"2\"><\/circle><path d=\"M8 4.5v4h3a1 1 0 0 1 1 1v4m-6.5-7a3.5 3.5 0 1 0 3.22 4.88\"><\/path><\/g><\/svg><\/span><\/div>\n\n\n\n<div class=\"gb-element-bfc57c15\">\n<p class=\"gb-text gb-text-80c02da5\">Behindertengerechter Zugang<\/p>\n<\/div>\n<\/div>\n<\/div>\n<\/div>\n<\/div>\n<\/div>\n<\/div>\n\n<\/div><\/div><\/div>\n<\/div>\n<\/section>","protected":false},"excerpt":{"rendered":"<p>AIRPORT LOUNGES Mykonos&nbsp;International Airport Guide (JMK) Explore all the lounges available at Mykonos&nbsp;Airport (JMK). Discover their amenities, access options, and services to relax and unwind before your flight. Airport Lounges Airport Lounges Airport Lounges Goldair Handling Lounge Mykonos International Airport features a VIP Lounge where travelers can relax in comfort and enjoy premium amenities before &#8230; <a title=\"Flughafen-Lounges\" class=\"read-more\" href=\"https:\/\/themykonosairport.com\/de\/airport-lounges\/\" aria-label=\"Mehr Informationen \u00fcber Airport Lounges\">Weiterlesen &#8230;<\/a><\/p>","protected":false},"author":1,"featured_media":51763,"parent":0,"menu_order":0,"comment_status":"closed","ping_status":"closed","template":"","meta":{"footnotes":""},"class_list":["post-51659","page","type-page","status-publish","has-post-thumbnail"],"_links":{"self":[{"href":"https:\/\/themykonosairport.com\/de\/wp-json\/wp\/v2\/pages\/51659","targetHints":{"allow":["GET"]}}],"collection":[{"href":"https:\/\/themykonosairport.com\/de\/wp-json\/wp\/v2\/pages"}],"about":[{"href":"https:\/\/themykonosairport.com\/de\/wp-json\/wp\/v2\/types\/page"}],"author":[{"embeddable":true,"href":"https:\/\/themykonosairport.com\/de\/wp-json\/wp\/v2\/users\/1"}],"replies":[{"embeddable":true,"href":"https:\/\/themykonosairport.com\/de\/wp-json\/wp\/v2\/comments?post=51659"}],"version-history":[{"count":21,"href":"https:\/\/themykonosairport.com\/de\/wp-json\/wp\/v2\/pages\/51659\/revisions"}],"predecessor-version":[{"id":51933,"href":"https:\/\/themykonosairport.com\/de\/wp-json\/wp\/v2\/pages\/51659\/revisions\/51933"}],"wp:featuredmedia":[{"embeddable":true,"href":"https:\/\/themykonosairport.com\/de\/wp-json\/wp\/v2\/media\/51763"}],"wp:attachment":[{"href":"https:\/\/themykonosairport.com\/de\/wp-json\/wp\/v2\/media?parent=51659"}],"curies":[{"name":"wp","href":"https:\/\/api.w.org\/{rel}","templated":true}]}}