{"id":51960,"date":"2026-03-04T19:40:03","date_gmt":"2026-03-05T02:40:03","guid":{"rendered":"https:\/\/themykonosairport.com\/?page_id=51960"},"modified":"2026-03-04T19:40:05","modified_gmt":"2026-03-05T02:40:05","slug":"unser-unternehmen","status":"publish","type":"page","link":"https:\/\/themykonosairport.com\/de\/our-company\/","title":{"rendered":"Unser Unternehmen"},"content":{"rendered":"<div class=\"gb-element-f7c19d7c\">\n<img loading=\"lazy\" decoding=\"async\" width=\"1920\" height=\"1280\" class=\"gb-media-ffdd930e\" alt=\"Karte Fu\u00dfzeile\" src=\"https:\/\/themykonosairport.com\/wp-content\/uploads\/2025\/04\/Map-Footer.png\" title=\"Karte Fu\u00dfzeile\" srcset=\"https:\/\/themykonosairport.com\/wp-content\/uploads\/2025\/04\/Map-Footer.png 1920w, https:\/\/themykonosairport.com\/wp-content\/uploads\/2025\/04\/Map-Footer-300x200.png 300w, https:\/\/themykonosairport.com\/wp-content\/uploads\/2025\/04\/Map-Footer-1024x683.png 1024w, https:\/\/themykonosairport.com\/wp-content\/uploads\/2025\/04\/Map-Footer-768x512.png 768w, https:\/\/themykonosairport.com\/wp-content\/uploads\/2025\/04\/Map-Footer-1536x1024.png 1536w\" sizes=\"auto, (max-width: 1920px) 100vw, 1920px\" \/>\n\n\n\n<div class=\"gb-element-a6e04bbc\"><\/div>\n\n\n\n<div class=\"gbp-section gb-element-6d63ba78\">\n<div class=\"gbp-section__inner gb-element-5e09b6a6\">\n<div class=\"gb-element-162bd0fb\">\n<h1 class=\"gb-text gb-text-66a4b68f\">UNSER UNTERNEHMEN<\/h1>\n\n\n\n<h2 class=\"gb-text gb-text-8811464f\">Flughafen 411 Reisef\u00fchrer<\/h2>\n\n\n\n<div class=\"gb-element-1d06a4a2\">\n<p class=\"gb-text gb-text-b4b0d4ea\">Wir erstellen ausf\u00fchrliche Reisef\u00fchrer f\u00fcr Hunderte von Flugh\u00e4fen auf der ganzen Welt. Hier finden Sie die wichtigsten und aktuellsten Informationen zu Ankunfts- und Abflugzeiten, Parkm\u00f6glichkeiten, VIP-Lounges, Flughafentransport, Mietwagenoptionen und vieles mehr.<\/p>\n<\/div>\n<\/div>\n<\/div>\n<\/div>\n<\/div>\n\n\n\n<section class=\"gbp-section gb-element-9b13401c\">\n<div class=\"gbp-section__inner gb-element-eb8752bf\">\n<div class=\"gb-element-bee2059a\"><div class=\"gb-container gb-container-37e31c47\"><div class=\"gb-inside-container\">\n\n<p class=\"gb-text gbp-section__tagline gb-text-2f462fa9\">\u00dcBER UNSER UNTERNEHMEN<\/p>\n\n\n\n<h2 class=\"gb-text gb-text-a4313699\"><strong>Flughafen 411<\/strong><\/h2>\n\n\n\n<p class=\"gb-headline gb-headline-2f768616 gb-headline-text\"><mark class=\"gb-highlight\">Flughafen 411<\/mark> ist ein Team von erfahrenen Reisenden, die wissen, wie schwierig es ist, genaue und aktuelle Informationen \u00fcber Flugh\u00e4fen und Flughafentransport zu finden.<\/p>\n\n\n\n<p class=\"gb-headline gb-headline-1bd9bfdf gb-headline-text\">Wir haben ein Netz von ausf\u00fchrlichen Flughafeninformationen und Transportf\u00fchrern aufgebaut, die auf Erfahrungen aus erster Hand und lokalen Empfehlungen beruhen, um unsere Leser mit den aktuellsten Informationen zu versorgen und sie auf ihre n\u00e4chste gro\u00dfe Reise vorzubereiten.<\/p>\n\n\n\n<p class=\"gb-headline gb-headline-17651d55 gb-headline-text\">Die Flughafen- und Transportf\u00fchrer von Airport 411 werden von Reisenden f\u00fcr Reisende erstellt.<\/p>\n\n<\/div><\/div><\/div>\n<\/div>\n<\/section>\n\n\n\n<section class=\"gbp-section gb-element-0a606f13\">\n<div class=\"gbp-section__inner gb-element-dc7c31bf\">\n<div class=\"gb-element-30ac06cd\"><div class=\"gb-container gb-container-b284db23\"><div class=\"gb-inside-container\">\n\n<h2 class=\"gb-text gb-text-e1e4e5e9\"><strong>Werben Sie mit uns<\/strong><\/h2>\n\n\n\n<p class=\"gb-headline gb-headline-5661632c gb-headline-text\">Im Mykonos Airport Guide sind Werbefl\u00e4chen verf\u00fcgbar. Wenn Sie daran interessiert sind, bei uns zu werben, besuchen Sie bitte <a href=\"https:\/\/airport411.com\/\" target=\"_blank\" rel=\"noreferrer noopener\"><span style=\"text-decoration: underline;\">unsere Webseite<\/span><\/a> um mehr zu erfahren.<\/p>\n\n<\/div><\/div><\/div>\n<\/div>\n<\/section>","protected":false},"excerpt":{"rendered":"<p>OUR COMPANY Airport 411 Travel Guides We build in-depth travel guides to hundreds of airports around the world. Here, you can find all the most important and up to date information on arrivals and departures schedules, parking, VIP lounges, airport transportation, car rental options and so much more. ABOUT OUR COMPANY Airport 411 Airport 411 &#8230; <a title=\"Unser Unternehmen\" class=\"read-more\" href=\"https:\/\/themykonosairport.com\/de\/our-company\/\" aria-label=\"Mehr Informationen \u00fcber Our Company\">Weiterlesen &#8230;<\/a><\/p>","protected":false},"author":1,"featured_media":51801,"parent":0,"menu_order":0,"comment_status":"closed","ping_status":"closed","template":"","meta":{"footnotes":""},"class_list":["post-51960","page","type-page","status-publish","has-post-thumbnail"],"_links":{"self":[{"href":"https:\/\/themykonosairport.com\/de\/wp-json\/wp\/v2\/pages\/51960","targetHints":{"allow":["GET"]}}],"collection":[{"href":"https:\/\/themykonosairport.com\/de\/wp-json\/wp\/v2\/pages"}],"about":[{"href":"https:\/\/themykonosairport.com\/de\/wp-json\/wp\/v2\/types\/page"}],"author":[{"embeddable":true,"href":"https:\/\/themykonosairport.com\/de\/wp-json\/wp\/v2\/users\/1"}],"replies":[{"embeddable":true,"href":"https:\/\/themykonosairport.com\/de\/wp-json\/wp\/v2\/comments?post=51960"}],"version-history":[{"count":1,"href":"https:\/\/themykonosairport.com\/de\/wp-json\/wp\/v2\/pages\/51960\/revisions"}],"predecessor-version":[{"id":51961,"href":"https:\/\/themykonosairport.com\/de\/wp-json\/wp\/v2\/pages\/51960\/revisions\/51961"}],"wp:featuredmedia":[{"embeddable":true,"href":"https:\/\/themykonosairport.com\/de\/wp-json\/wp\/v2\/media\/51801"}],"wp:attachment":[{"href":"https:\/\/themykonosairport.com\/de\/wp-json\/wp\/v2\/media?parent=51960"}],"curies":[{"name":"wp","href":"https:\/\/api.w.org\/{rel}","templated":true}]}}