{"id":49864,"date":"2026-02-14T10:37:28","date_gmt":"2026-02-14T17:37:28","guid":{"rendered":"https:\/\/phnompenhairport.com\/?page_id=49864"},"modified":"2026-02-14T10:37:28","modified_gmt":"2026-02-14T17:37:28","slug":"departs","status":"publish","type":"page","link":"https:\/\/themykonosairport.com\/fr\/departures\/","title":{"rendered":"D\u00e9parts"},"content":{"rendered":"<div class=\"gb-element-f7c19d7c\">\n<img loading=\"lazy\" decoding=\"async\" width=\"1920\" height=\"1280\" class=\"gb-media-ffdd930e\" alt=\"D\u00e9part de l&#039;a\u00e9roport de Mykonos\" src=\"https:\/\/themykonosairport.com\/wp-content\/uploads\/2025\/10\/Departures-HERO-Image.jpg\" title=\"D\u00e9part de l&#039;a\u00e9roport de Mykonos\" srcset=\"https:\/\/themykonosairport.com\/wp-content\/uploads\/2025\/10\/Departures-HERO-Image.jpg 1920w, https:\/\/themykonosairport.com\/wp-content\/uploads\/2025\/10\/Departures-HERO-Image-300x200.jpg 300w, https:\/\/themykonosairport.com\/wp-content\/uploads\/2025\/10\/Departures-HERO-Image-1024x683.jpg 1024w, https:\/\/themykonosairport.com\/wp-content\/uploads\/2025\/10\/Departures-HERO-Image-768x512.jpg 768w, https:\/\/themykonosairport.com\/wp-content\/uploads\/2025\/10\/Departures-HERO-Image-1536x1024.jpg 1536w\" sizes=\"auto, (max-width: 1920px) 100vw, 1920px\" \/>\n\n\n\n<div class=\"gb-element-a6e04bbc\"><\/div>\n\n\n\n<div class=\"gbp-section gb-element-6d63ba78\">\n<div class=\"gbp-section__inner gb-element-5e09b6a6\">\n<div class=\"gb-element-162bd0fb\">\n<h1 class=\"gb-text gb-text-66a4b68f\">D\u00c9PARTS<\/h1>\n\n\n\n<h2 class=\"gb-text gb-text-8811464f\">Guide de l'a\u00e9roport international de Mykonos (JMK)<\/h2>\n\n\n\n<div class=\"gb-element-1d06a4a2\">\n<p class=\"gb-text gb-text-b4b0d4ea\">Consultez le dernier statut des vols pour les d\u00e9parts de l'a\u00e9roport international de Mykonos. Si, pour une raison quelconque, l'a\u00e9roport de Mykonos est ferm\u00e9, les informations ci-dessous refl\u00e8teront les derni\u00e8res informations concernant les d\u00e9parts de vols de l'a\u00e9roport JMK.<\/p>\n\n\n\n<div class=\"gb-element-3dffc1c0\">\n<div class=\"wp-block-group is-nowrap is-layout-flex wp-container-core-group-is-layout-ad2f72ca wp-block-group-is-layout-flex\">\n<a class=\"gbp-button--tertiary gb-text-b29eb209 smooth-scroll\" href=\"#departures\"><span class=\"gb-text\">VOIR LES D\u00c9PARTS<\/span><span class=\"gb-shape\"><svg xmlns=\"http:\/\/www.w3.org\/2000\/svg\" width=\"32\" height=\"32\" fill=\"#000000\" viewbox=\"0 0 256 256\"><path d=\"M128,26A102,102,0,1,0,230,128,102.12,102.12,0,0,0,128,26Zm0,192a90,90,0,1,1,90-90A90.1,90.1,0,0,1,128,218Zm44.24-94.24a6,6,0,0,1,0,8.48l-32,32a6,6,0,0,1-8.48-8.48L153.51,134H88a6,6,0,0,1,0-12h65.51l-21.75-21.76a6,6,0,0,1,8.48-8.48Z\"><\/path><\/svg><\/span><\/a>\n\n\n\n<a class=\"gbp-button--tertiary gb-text-d30f20c9 smooth-scroll\" href=\"https:\/\/themykonosairport.com\/fr\/arrivees\/\"><span class=\"gb-text\">VOIR LES ARRIV\u00c9ES<\/span><span class=\"gb-shape\"><svg xmlns=\"http:\/\/www.w3.org\/2000\/svg\" width=\"32\" height=\"32\" fill=\"#000000\" viewbox=\"0 0 256 256\"><path d=\"M128,26A102,102,0,1,0,230,128,102.12,102.12,0,0,0,128,26Zm0,192a90,90,0,1,1,90-90A90.1,90.1,0,0,1,128,218Zm44.24-94.24a6,6,0,0,1,0,8.48l-32,32a6,6,0,0,1-8.48-8.48L153.51,134H88a6,6,0,0,1,0-12h65.51l-21.75-21.76a6,6,0,0,1,8.48-8.48Z\"><\/path><\/svg><\/span><\/a>\n<\/div>\n<\/div>\n<\/div>\n<\/div>\n<\/div>\n<\/div>\n<\/div>\n\n\n\n<div class=\"gbp-section gb-element-c127c70e\" id=\"departures\">\n<div class=\"gbp-section__inner gb-element-589d5d4c\" id=\"departures\">\n<div class=\"avionio-widget\" style=\"border-radius: 25px; overflow: hidden;\">\n  <iframe id=\"avionio-frame\" \n          height=\"650px\" \n          frameborder=\"0\"  \n          style=\"border:0; width: 100%; margin:0; padding:0; border-radius: 8px;\" \n          src=\"https:\/\/www.avionio.com\/widget\/en\/jmk\/departures\">\n  <\/iframe> \n  <\/div>\n<\/div>\n<\/div>\n<\/div>","protected":false},"excerpt":{"rendered":"<p>DEPARTURES Mykonos&nbsp;International Airport Guide (JMK) View the latest flight status for departures from Mykonos&nbsp;International Airport. If for some reason the Mykonos&nbsp;Airport is closed, the information below will reflect the latest information regarding flight departures from JMK Airport. VIEW DEPARTURES VIEW ARRIVALS<\/p>","protected":false},"author":1,"featured_media":51285,"parent":0,"menu_order":0,"comment_status":"closed","ping_status":"closed","template":"","meta":{"footnotes":""},"class_list":["post-49864","page","type-page","status-publish","has-post-thumbnail"],"_links":{"self":[{"href":"https:\/\/themykonosairport.com\/fr\/wp-json\/wp\/v2\/pages\/49864","targetHints":{"allow":["GET"]}}],"collection":[{"href":"https:\/\/themykonosairport.com\/fr\/wp-json\/wp\/v2\/pages"}],"about":[{"href":"https:\/\/themykonosairport.com\/fr\/wp-json\/wp\/v2\/types\/page"}],"author":[{"embeddable":true,"href":"https:\/\/themykonosairport.com\/fr\/wp-json\/wp\/v2\/users\/1"}],"replies":[{"embeddable":true,"href":"https:\/\/themykonosairport.com\/fr\/wp-json\/wp\/v2\/comments?post=49864"}],"version-history":[{"count":23,"href":"https:\/\/themykonosairport.com\/fr\/wp-json\/wp\/v2\/pages\/49864\/revisions"}],"predecessor-version":[{"id":51942,"href":"https:\/\/themykonosairport.com\/fr\/wp-json\/wp\/v2\/pages\/49864\/revisions\/51942"}],"wp:featuredmedia":[{"embeddable":true,"href":"https:\/\/themykonosairport.com\/fr\/wp-json\/wp\/v2\/media\/51285"}],"wp:attachment":[{"href":"https:\/\/themykonosairport.com\/fr\/wp-json\/wp\/v2\/media?parent=49864"}],"curies":[{"name":"wp","href":"https:\/\/api.w.org\/{rel}","templated":true}]}}