{"id":50666,"date":"2026-02-14T10:35:24","date_gmt":"2026-02-14T17:35:24","guid":{"rendered":"https:\/\/phnompenhairport.com\/?page_id=50666"},"modified":"2026-02-14T10:35:25","modified_gmt":"2026-02-14T17:35:25","slug":"clause-de-non-responsabilite-des-affilies","status":"publish","type":"page","link":"https:\/\/themykonosairport.com\/fr\/affiliate-disclaimer\/","title":{"rendered":"Clause de non-responsabilit\u00e9 des affili\u00e9s"},"content":{"rendered":"<div class=\"gb-element-f7c19d7c\">\n<img loading=\"lazy\" decoding=\"async\" width=\"1920\" height=\"1280\" class=\"gb-media-ffdd930e\" alt=\"Guide de l&#039;a\u00e9roport de Mykonos (JMK)\" src=\"https:\/\/themykonosairport.com\/wp-content\/uploads\/2026\/02\/Mykonos-Airport-Guide-HERO.jpg\" title=\"Guide de l&#039;a\u00e9roport de Mykonos (JMK)\" srcset=\"https:\/\/themykonosairport.com\/wp-content\/uploads\/2026\/02\/Mykonos-Airport-Guide-HERO.jpg 1920w, https:\/\/themykonosairport.com\/wp-content\/uploads\/2026\/02\/Mykonos-Airport-Guide-HERO-300x200.jpg 300w, https:\/\/themykonosairport.com\/wp-content\/uploads\/2026\/02\/Mykonos-Airport-Guide-HERO-1024x683.jpg 1024w, https:\/\/themykonosairport.com\/wp-content\/uploads\/2026\/02\/Mykonos-Airport-Guide-HERO-768x512.jpg 768w, https:\/\/themykonosairport.com\/wp-content\/uploads\/2026\/02\/Mykonos-Airport-Guide-HERO-1536x1024.jpg 1536w\" sizes=\"auto, (max-width: 1920px) 100vw, 1920px\" \/>\n\n\n\n<div class=\"gb-element-a6e04bbc\"><\/div>\n\n\n\n<div class=\"gbp-section gb-element-6d63ba78\">\n<div class=\"gbp-section__inner gb-element-5e09b6a6\">\n<div class=\"gb-element-162bd0fb\">\n<h1 class=\"gb-text gb-text-66a4b68f\">CLAUSE DE NON-RESPONSABILIT\u00c9 DES AFFILI\u00c9S<\/h1>\n\n\n\n<h2 class=\"gb-text gb-text-8811464f\">Guide de l'a\u00e9roport international de Mykonos (JMK)<\/h2>\n\n\n\n<div class=\"gb-element-1d06a4a2\">\n<p class=\"gb-text gb-text-b4b0d4ea\">D\u00e9couvrez comment nous g\u00e9rons ce site web et les partenariats qui nous aident \u00e0 vous fournir les meilleures recommandations et conseils au Mykonos Airport Guide. Lire ci-dessous...<\/p>\n<\/div>\n<\/div>\n<\/div>\n<\/div>\n<\/div>\n\n\n\n<section class=\"gbp-section gb-element-9b13401c\">\n<div class=\"gbp-section__inner gb-element-eb8752bf\">\n<div class=\"gb-element-bee2059a\"><div class=\"gb-container gb-container-37e31c47\"><div class=\"gb-inside-container\">\n\n<p class=\"gb-text gbp-section__tagline gb-text-2f462fa9\">lire notre<\/p>\n\n\n\n<h2 class=\"gb-text gb-text-a4313699\">Clause de non-responsabilit\u00e9 des affili\u00e9s<\/h2>\n\n\n\n<p class=\"gb-text gb-text-77d76637\">TheMykonosAirport.com s'engage \u00e0 fournir aux voyageurs les informations les plus pr\u00e9cises et les plus r\u00e9centes.<\/p>\n\n\n\n<p class=\"gb-text gb-text-83744968\">Nous consacrons beaucoup de travail et d'\u00e9nergie \u00e0 la cr\u00e9ation de ces guides d'a\u00e9roports pour nos lecteurs et, pour soutenir nos efforts, nous participons \u00e0 plusieurs programmes de marketing affili\u00e9 dans le domaine du voyage.<\/p>\n\n\n\n<p class=\"gb-text gb-text-9efd2dd9\">Veuillez noter que si vous cliquez sur certains liens de notre site web et que vous effectuez un achat ou une r\u00e9servation, nous pouvons percevoir une commission sans aucun co\u00fbt suppl\u00e9mentaire pour vous.<\/p>\n\n\n\n<p class=\"gb-text gb-text-0c02f79f\">Ces commissions d'affiliation nous permettent de continuer \u00e0 maintenir et \u00e0 am\u00e9liorer le contenu et les services que nous offrons.<\/p>\n\n\n\n<p class=\"gb-text gb-text-f9fcd7c1\">Nous sommes fiers d'\u00eatre partenaires des programmes d'affiliation les plus fiables dans le domaine du voyage, y compris, mais sans s'y limiter :<\/p>\n\n\n\n<ul class=\"wp-block-list\">\n<li><strong>Civitatis<\/strong>: Circuits, activit\u00e9s, transferts a\u00e9roportuaires et exp\u00e9riences de voyage.<\/li>\n\n\n\n<li><strong>Viator<\/strong>: Visites, billets et activit\u00e9s.<\/li>\n\n\n\n<li><strong>WelcomePickups<\/strong>: Services de transport et de transfert a\u00e9roportuaire de qualit\u00e9.<\/li>\n\n\n\n<li><strong>Alosim<\/strong>: Des solutions eSIM pratiques pour les voyageurs.<\/li>\n\n\n\n<li><strong>Booking.com<\/strong>: Principale plateforme de r\u00e9servation d'h\u00e9bergements.<\/li>\n\n\n\n<li><strong>Skyscanner<\/strong>: Comparez les tarifs des vols, des h\u00f4tels et des agences de location de voitures.<\/li>\n\n\n\n<li><strong>D\u00e9couvrir les voitures<\/strong>: Location de voitures \u00e0 des prix abordables dans le monde entier.<\/li>\n<\/ul>\n\n\n\n<p class=\"gb-text gb-text-0e781423\">Veuillez noter que, bien que nous nous efforcions de ne recommander \u00e0 nos lecteurs que des produits et des services de la plus haute qualit\u00e9, toute d\u00e9cision d'achat vous appartient en dernier ressort. Comme toujours, nous vous encourageons \u00e0 lire toutes les conditions g\u00e9n\u00e9rales d'un service ou d'un produit avant d'effectuer un achat.<\/p>\n\n\n\n<p class=\"gb-text gb-text-b09acb51\">En utilisant ce site Web, vous reconnaissez et acceptez que notre site Web, TheMykonosAirport.com, puisse percevoir des commissions d'affiliation telles que d\u00e9crites ci-dessus.<\/p>\n\n\n\n<p class=\"gb-text\">Merci pour votre soutien continu !<\/p>\n\n\n\n<p class=\"gb-text gb-text-fd49b68c\"><em>Ce document a \u00e9t\u00e9 mis \u00e0 jour pour la derni\u00e8re fois le <em>8 f\u00e9vrier 2026<\/em><\/em><\/p>\n\n<\/div><\/div><\/div>\n<\/div>\n<\/section>","protected":false},"excerpt":{"rendered":"<p>AFFILIATE DISCLAIMER Mykonos&nbsp;International Airport Guide (JMK) Learn about how we operate this website and the partnerships that help us provide you with the best recommendations and advice at The Mykonos&nbsp;Airport Guide. Read below\u2026 read our Affiliate Disclaimer TheMykonosAirport.com\u00a0is committed to providing the most accurate, up-to-date information to travelers. We put a lot of hard work &#8230; <a title=\"Clause de non-responsabilit\u00e9 des affili\u00e9s\" class=\"read-more\" href=\"https:\/\/themykonosairport.com\/fr\/affiliate-disclaimer\/\" aria-label=\"En savoir plus sur Affiliate Disclaimer\">Lire plus<\/a><\/p>","protected":false},"author":1,"featured_media":51801,"parent":0,"menu_order":0,"comment_status":"closed","ping_status":"closed","template":"","meta":{"footnotes":""},"class_list":["post-50666","page","type-page","status-publish","has-post-thumbnail"],"_links":{"self":[{"href":"https:\/\/themykonosairport.com\/fr\/wp-json\/wp\/v2\/pages\/50666","targetHints":{"allow":["GET"]}}],"collection":[{"href":"https:\/\/themykonosairport.com\/fr\/wp-json\/wp\/v2\/pages"}],"about":[{"href":"https:\/\/themykonosairport.com\/fr\/wp-json\/wp\/v2\/types\/page"}],"author":[{"embeddable":true,"href":"https:\/\/themykonosairport.com\/fr\/wp-json\/wp\/v2\/users\/1"}],"replies":[{"embeddable":true,"href":"https:\/\/themykonosairport.com\/fr\/wp-json\/wp\/v2\/comments?post=50666"}],"version-history":[{"count":18,"href":"https:\/\/themykonosairport.com\/fr\/wp-json\/wp\/v2\/pages\/50666\/revisions"}],"predecessor-version":[{"id":51952,"href":"https:\/\/themykonosairport.com\/fr\/wp-json\/wp\/v2\/pages\/50666\/revisions\/51952"}],"wp:featuredmedia":[{"embeddable":true,"href":"https:\/\/themykonosairport.com\/fr\/wp-json\/wp\/v2\/media\/51801"}],"wp:attachment":[{"href":"https:\/\/themykonosairport.com\/fr\/wp-json\/wp\/v2\/media?parent=50666"}],"curies":[{"name":"wp","href":"https:\/\/api.w.org\/{rel}","templated":true}]}}