{"id":51960,"date":"2026-03-04T19:40:03","date_gmt":"2026-03-05T02:40:03","guid":{"rendered":"https:\/\/themykonosairport.com\/?page_id=51960"},"modified":"2026-03-04T19:40:05","modified_gmt":"2026-03-05T02:40:05","slug":"notre-entreprise","status":"publish","type":"page","link":"https:\/\/themykonosairport.com\/fr\/our-company\/","title":{"rendered":"Notre entreprise"},"content":{"rendered":"<div class=\"gb-element-f7c19d7c\">\n<img loading=\"lazy\" decoding=\"async\" width=\"1920\" height=\"1280\" class=\"gb-media-ffdd930e\" alt=\"Pied de page de la carte\" src=\"https:\/\/themykonosairport.com\/wp-content\/uploads\/2025\/04\/Map-Footer.png\" title=\"Pied de page de la carte\" srcset=\"https:\/\/themykonosairport.com\/wp-content\/uploads\/2025\/04\/Map-Footer.png 1920w, https:\/\/themykonosairport.com\/wp-content\/uploads\/2025\/04\/Map-Footer-300x200.png 300w, https:\/\/themykonosairport.com\/wp-content\/uploads\/2025\/04\/Map-Footer-1024x683.png 1024w, https:\/\/themykonosairport.com\/wp-content\/uploads\/2025\/04\/Map-Footer-768x512.png 768w, https:\/\/themykonosairport.com\/wp-content\/uploads\/2025\/04\/Map-Footer-1536x1024.png 1536w\" sizes=\"auto, (max-width: 1920px) 100vw, 1920px\" \/>\n\n\n\n<div class=\"gb-element-a6e04bbc\"><\/div>\n\n\n\n<div class=\"gbp-section gb-element-6d63ba78\">\n<div class=\"gbp-section__inner gb-element-5e09b6a6\">\n<div class=\"gb-element-162bd0fb\">\n<h1 class=\"gb-text gb-text-66a4b68f\">NOTRE ENTREPRISE<\/h1>\n\n\n\n<h2 class=\"gb-text gb-text-8811464f\">Guides de voyage Airport 411<\/h2>\n\n\n\n<div class=\"gb-element-1d06a4a2\">\n<p class=\"gb-text gb-text-b4b0d4ea\">Nous \u00e9laborons des guides de voyage d\u00e9taill\u00e9s pour des centaines d'a\u00e9roports dans le monde entier. Vous y trouverez toutes les informations les plus importantes et les plus r\u00e9centes sur les horaires d'arriv\u00e9e et de d\u00e9part, les parkings, les salons VIP, les transports a\u00e9roportuaires, les possibilit\u00e9s de location de voitures et bien d'autres choses encore.<\/p>\n<\/div>\n<\/div>\n<\/div>\n<\/div>\n<\/div>\n\n\n\n<section class=\"gbp-section gb-element-9b13401c\">\n<div class=\"gbp-section__inner gb-element-eb8752bf\">\n<div class=\"gb-element-bee2059a\"><div class=\"gb-container gb-container-37e31c47\"><div class=\"gb-inside-container\">\n\n<p class=\"gb-text gbp-section__tagline gb-text-2f462fa9\">\u00c0 PROPOS DE NOTRE ENTREPRISE<\/p>\n\n\n\n<h2 class=\"gb-text gb-text-a4313699\"><strong>A\u00e9roport 411<\/strong><\/h2>\n\n\n\n<p class=\"gb-headline gb-headline-2f768616 gb-headline-text\"><mark class=\"gb-highlight\">A\u00e9roport 411<\/mark> est une \u00e9quipe de voyageurs exp\u00e9riment\u00e9s qui savent \u00e0 quel point il est difficile de trouver des informations pr\u00e9cises et actualis\u00e9es sur les a\u00e9roports et le transport a\u00e9roportuaire.<\/p>\n\n\n\n<p class=\"gb-headline gb-headline-1bd9bfdf gb-headline-text\">Nous avons construit un r\u00e9seau d'informations approfondies sur les a\u00e9roports et de guides sur les transports, bas\u00e9s sur une exp\u00e9rience de premi\u00e8re main et des recommandations locales, afin de fournir \u00e0 nos lecteurs les informations les plus r\u00e9centes possibles pour les pr\u00e9parer \u00e0 leur prochain grand voyage.<\/p>\n\n\n\n<p class=\"gb-headline gb-headline-17651d55 gb-headline-text\">Les guides des a\u00e9roports et des transports d'Airport 411 sont con\u00e7us pour les voyageurs, par des voyageurs.<\/p>\n\n<\/div><\/div><\/div>\n<\/div>\n<\/section>\n\n\n\n<section class=\"gbp-section gb-element-0a606f13\">\n<div class=\"gbp-section__inner gb-element-dc7c31bf\">\n<div class=\"gb-element-30ac06cd\"><div class=\"gb-container gb-container-b284db23\"><div class=\"gb-inside-container\">\n\n<h2 class=\"gb-text gb-text-e1e4e5e9\"><strong>Faire de la publicit\u00e9 avec nous<\/strong><\/h2>\n\n\n\n<p class=\"gb-headline gb-headline-5661632c gb-headline-text\">Des espaces publicitaires sont disponibles sur Mykonos Airport Guide. Si vous souhaitez faire de la publicit\u00e9 avec nous, veuillez visiter le site suivant <a href=\"https:\/\/airport411.com\/\" target=\"_blank\" rel=\"noreferrer noopener\"><span style=\"text-decoration: underline;\">notre site web<\/span><\/a> pour en savoir plus.<\/p>\n\n<\/div><\/div><\/div>\n<\/div>\n<\/section>","protected":false},"excerpt":{"rendered":"<p>OUR COMPANY Airport 411 Travel Guides We build in-depth travel guides to hundreds of airports around the world. Here, you can find all the most important and up to date information on arrivals and departures schedules, parking, VIP lounges, airport transportation, car rental options and so much more. ABOUT OUR COMPANY Airport 411 Airport 411 &#8230; <a title=\"Notre entreprise\" class=\"read-more\" href=\"https:\/\/themykonosairport.com\/fr\/our-company\/\" aria-label=\"En savoir plus sur Our Company\">Lire plus<\/a><\/p>","protected":false},"author":1,"featured_media":51801,"parent":0,"menu_order":0,"comment_status":"closed","ping_status":"closed","template":"","meta":{"footnotes":""},"class_list":["post-51960","page","type-page","status-publish","has-post-thumbnail"],"_links":{"self":[{"href":"https:\/\/themykonosairport.com\/fr\/wp-json\/wp\/v2\/pages\/51960","targetHints":{"allow":["GET"]}}],"collection":[{"href":"https:\/\/themykonosairport.com\/fr\/wp-json\/wp\/v2\/pages"}],"about":[{"href":"https:\/\/themykonosairport.com\/fr\/wp-json\/wp\/v2\/types\/page"}],"author":[{"embeddable":true,"href":"https:\/\/themykonosairport.com\/fr\/wp-json\/wp\/v2\/users\/1"}],"replies":[{"embeddable":true,"href":"https:\/\/themykonosairport.com\/fr\/wp-json\/wp\/v2\/comments?post=51960"}],"version-history":[{"count":1,"href":"https:\/\/themykonosairport.com\/fr\/wp-json\/wp\/v2\/pages\/51960\/revisions"}],"predecessor-version":[{"id":51961,"href":"https:\/\/themykonosairport.com\/fr\/wp-json\/wp\/v2\/pages\/51960\/revisions\/51961"}],"wp:featuredmedia":[{"embeddable":true,"href":"https:\/\/themykonosairport.com\/fr\/wp-json\/wp\/v2\/media\/51801"}],"wp:attachment":[{"href":"https:\/\/themykonosairport.com\/fr\/wp-json\/wp\/v2\/media?parent=51960"}],"curies":[{"name":"wp","href":"https:\/\/api.w.org\/{rel}","templated":true}]}}